{"id":178,"date":"2024-05-18T12:01:00","date_gmt":"2024-05-18T12:01:00","guid":{"rendered":"https:\/\/s4p.org\/fr\/?page_id=178"},"modified":"2024-06-09T21:18:57","modified_gmt":"2024-06-09T21:18:57","slug":"who-we-are","status":"publish","type":"page","link":"https:\/\/s4p.org\/fr\/who-we-are\/","title":{"rendered":"Qui Nous Sommes"},"content":{"rendered":"\t\t<div data-elementor-type=\"wp-page\" data-elementor-id=\"178\" class=\"elementor elementor-178\">\n\t\t\t\t<div class=\"elementor-element elementor-element-4c2086e e-flex e-con-boxed e-con e-parent\" data-id=\"4c2086e\" data-element_type=\"container\">\n\t\t\t\t\t<div class=\"e-con-inner\">\n\t\t\t\t<div class=\"elementor-element elementor-element-83f08a9 elementor-widget elementor-widget-spacer\" data-id=\"83f08a9\" data-element_type=\"widget\" data-widget_type=\"spacer.default\">\n\t\t\t\t<div class=\"elementor-widget-container\">\n\t\t\t\t\t\t\t<div class=\"elementor-spacer\">\n\t\t\t<div class=\"elementor-spacer-inner\"><\/div>\n\t\t<\/div>\n\t\t\t\t\t\t<\/div>\n\t\t\t\t<\/div>\n\t\t\t\t\t<\/div>\n\t\t\t\t<\/div>\n\t\t<div class=\"elementor-element elementor-element-1b8fe79 e-flex e-con-boxed e-con e-parent\" data-id=\"1b8fe79\" data-element_type=\"container\">\n\t\t\t\t\t<div class=\"e-con-inner\">\n\t\t\t\t<div class=\"elementor-element elementor-element-642504f elementor-widget elementor-widget-heading\" data-id=\"642504f\" data-element_type=\"widget\" data-widget_type=\"heading.default\">\n\t\t\t\t<div class=\"elementor-widget-container\">\n\t\t\t\t\t<h2 class=\"elementor-heading-title elementor-size-default\">\u00c0 propos de nous<\/h2>\t\t\t\t<\/div>\n\t\t\t\t<\/div>\n\t\t\t\t<div class=\"elementor-element elementor-element-df858ab elementor-widget__width-initial elementor-widget-mobile__width-initial elementor-widget elementor-widget-image\" data-id=\"df858ab\" data-element_type=\"widget\" data-widget_type=\"image.default\">\n\t\t\t\t<div class=\"elementor-widget-container\">\n\t\t\t\t\t\t\t\t\t\t\t\t\t\t\t<img fetchpriority=\"high\" decoding=\"async\" width=\"780\" height=\"520\" src=\"https:\/\/s4p.org\/fr\/wp-content\/uploads\/2024\/05\/african-landmark.jpg\" class=\"attachment-full size-full wp-image-187\" alt=\"\" srcset=\"https:\/\/s4p.org\/fr\/wp-content\/uploads\/2024\/05\/african-landmark.jpg 780w, https:\/\/s4p.org\/fr\/wp-content\/uploads\/2024\/05\/african-landmark-300x200.jpg 300w, https:\/\/s4p.org\/fr\/wp-content\/uploads\/2024\/05\/african-landmark-768x512.jpg 768w\" sizes=\"(max-width: 780px) 100vw, 780px\" \/>\t\t\t\t\t\t\t\t\t\t\t\t\t\t\t<\/div>\n\t\t\t\t<\/div>\n\t\t\t\t\t<\/div>\n\t\t\t\t<\/div>\n\t\t<div class=\"elementor-element elementor-element-0f050ab e-flex e-con-boxed e-con e-parent\" data-id=\"0f050ab\" data-element_type=\"container\">\n\t\t\t\t\t<div class=\"e-con-inner\">\n\t\t\t\t<div class=\"elementor-element elementor-element-fc64fa7 elementor-widget elementor-widget-text-editor\" data-id=\"fc64fa7\" data-element_type=\"widget\" data-widget_type=\"text-editor.default\">\n\t\t\t\t<div class=\"elementor-widget-container\">\n\t\t\t\t\t\t\t\t\t<p>Organisation Shabab 4 Peace : Une organisation humanitaire mondiale &#8211; \u00e0 but non lucratif, apolitique &#8211; qui se pr\u00e9occupe du d\u00e9veloppement de l&#8217;\u00eatre humain de l&#8217;Afrique et de ses pays oubli\u00e9s, par des jeunes gens issus de sa jeunesse, qui ont \u00e9t\u00e9 r\u00e9unis par l&#8217;amour de la charit\u00e9 et qui essaient de contribuer au d\u00e9veloppement de l&#8217;\u00eatre humain de l&#8217;Afrique en le soutenant et en contribuant \u00e0 son soulagement avec l&#8217;attention en premier lieu en fournissant l&#8217;\u00e9ducation \u00e0 un grand nombre d&#8217;enfants &#8211; dans les villages africains \u00e9loign\u00e9s &#8211; qui passent la majeure partie de leur journ\u00e9e \u00e0 marcher \u00e0 pied &#8211; et sur de longues distances &#8211; pour apporter de l&#8217;eau \u00e0 leurs familles ; par cons\u00e9quent, ils ne vont pas \u00e0 l&#8217;\u00e9cole. La d\u00e9nomination d&#8217;\u00e9ducation pour ce groupe d&#8217;enfants vient apr\u00e8s avoir fourni de l&#8217;eau \u00e0 ces villages \u00e9loign\u00e9s &#8211; par des projets d&#8217;arrosage -. Au sein de l&#8217;organisation, nous consid\u00e9rons que &#8220;l&#8217;\u00e9ducation est un don de Dieu, tout comme l&#8217;oxyg\u00e8ne pour respirer, l&#8217;argent pour d\u00e9penser et la nourriture pour manger, car c&#8217;est un droit divin pour chaque musulman ou non-musulman partout dans le monde, en particulier en Afrique.&#8221; *<\/p><p>* D&#8217;apr\u00e8s les dires du serviteur des pauvres d&#8217;Afrique d. Abdul Rahman Al-Sumait (que Dieu Tout-Puissant ait piti\u00e9 de lui)<\/p>\t\t\t\t\t\t\t\t<\/div>\n\t\t\t\t<\/div>\n\t\t\t\t\t<\/div>\n\t\t\t\t<\/div>\n\t\t\t\t<\/div>\n\t\t","protected":false},"excerpt":{"rendered":"<p>\u00c0 propos de nous Organisation Shabab 4 Peace : Une organisation humanitaire mondiale &#8211; \u00e0 but non lucratif, apolitique &#8211;&#8230;<\/p>\n","protected":false},"author":1,"featured_media":0,"parent":0,"menu_order":0,"comment_status":"closed","ping_status":"closed","template":"elementor_header_footer","meta":{"give_campaign_id":0,"site-sidebar-layout":"no-sidebar","site-content-layout":"","ast-site-content-layout":"full-width-container","site-content-style":"default","site-sidebar-style":"default","ast-global-header-display":"","ast-banner-title-visibility":"","ast-main-header-display":"","ast-hfb-above-header-display":"","ast-hfb-below-header-display":"","ast-hfb-mobile-header-display":"","site-post-title":"disabled","ast-breadcrumbs-content":"","ast-featured-img":"disabled","footer-sml-layout":"","theme-transparent-header-meta":"","adv-header-id-meta":"","stick-header-meta":"","header-above-stick-meta":"","header-main-stick-meta":"","header-below-stick-meta":"","astra-migrate-meta-layouts":"default","ast-page-background-enabled":"default","ast-page-background-meta":{"desktop":{"background-color":"var(--ast-global-color-4)","background-image":"","background-repeat":"repeat","background-position":"center center","background-size":"auto","background-attachment":"scroll","background-type":"","background-media":"","overlay-type":"","overlay-color":"","overlay-opacity":"","overlay-gradient":""},"tablet":{"background-color":"","background-image":"","background-repeat":"repeat","background-position":"center center","background-size":"auto","background-attachment":"scroll","background-type":"","background-media":"","overlay-type":"","overlay-color":"","overlay-opacity":"","overlay-gradient":""},"mobile":{"background-color":"","background-image":"","background-repeat":"repeat","background-position":"center center","background-size":"auto","background-attachment":"scroll","background-type":"","background-media":"","overlay-type":"","overlay-color":"","overlay-opacity":"","overlay-gradient":""}},"ast-content-background-meta":{"desktop":{"background-color":"var(--ast-global-color-5)","background-image":"","background-repeat":"repeat","background-position":"center center","background-size":"auto","background-attachment":"scroll","background-type":"","background-media":"","overlay-type":"","overlay-color":"","overlay-opacity":"","overlay-gradient":""},"tablet":{"background-color":"var(--ast-global-color-5)","background-image":"","background-repeat":"repeat","background-position":"center center","background-size":"auto","background-attachment":"scroll","background-type":"","background-media":"","overlay-type":"","overlay-color":"","overlay-opacity":"","overlay-gradient":""},"mobile":{"background-color":"var(--ast-global-color-5)","background-image":"","background-repeat":"repeat","background-position":"center center","background-size":"auto","background-attachment":"scroll","background-type":"","background-media":"","overlay-type":"","overlay-color":"","overlay-opacity":"","overlay-gradient":""}},"footnotes":""},"class_list":["post-178","page","type-page","status-publish","hentry"],"campaignId":"","_links":{"self":[{"href":"https:\/\/s4p.org\/fr\/wp-json\/wp\/v2\/pages\/178","targetHints":{"allow":["GET"]}}],"collection":[{"href":"https:\/\/s4p.org\/fr\/wp-json\/wp\/v2\/pages"}],"about":[{"href":"https:\/\/s4p.org\/fr\/wp-json\/wp\/v2\/types\/page"}],"author":[{"embeddable":true,"href":"https:\/\/s4p.org\/fr\/wp-json\/wp\/v2\/users\/1"}],"replies":[{"embeddable":true,"href":"https:\/\/s4p.org\/fr\/wp-json\/wp\/v2\/comments?post=178"}],"version-history":[{"count":20,"href":"https:\/\/s4p.org\/fr\/wp-json\/wp\/v2\/pages\/178\/revisions"}],"predecessor-version":[{"id":1308,"href":"https:\/\/s4p.org\/fr\/wp-json\/wp\/v2\/pages\/178\/revisions\/1308"}],"wp:attachment":[{"href":"https:\/\/s4p.org\/fr\/wp-json\/wp\/v2\/media?parent=178"}],"curies":[{"name":"wp","href":"https:\/\/api.w.org\/{rel}","templated":true}]}}