{"id":204,"date":"2024-05-18T12:21:37","date_gmt":"2024-05-18T12:21:37","guid":{"rendered":"https:\/\/s4p.org\/fr\/?page_id=204"},"modified":"2024-06-09T21:37:39","modified_gmt":"2024-06-09T21:37:39","slug":"histoire-de-depart","status":"publish","type":"page","link":"https:\/\/s4p.org\/fr\/histoire-de-depart\/","title":{"rendered":"Histoire de d\u00e9part"},"content":{"rendered":"\t\t<div data-elementor-type=\"wp-page\" data-elementor-id=\"204\" class=\"elementor elementor-204\">\n\t\t\t\t<div class=\"elementor-element elementor-element-4c2086e e-flex e-con-boxed e-con e-parent\" data-id=\"4c2086e\" data-element_type=\"container\">\n\t\t\t\t\t<div class=\"e-con-inner\">\n\t\t\t\t<div class=\"elementor-element elementor-element-83f08a9 elementor-widget elementor-widget-spacer\" data-id=\"83f08a9\" data-element_type=\"widget\" data-widget_type=\"spacer.default\">\n\t\t\t\t<div class=\"elementor-widget-container\">\n\t\t\t\t\t\t\t<div class=\"elementor-spacer\">\n\t\t\t<div class=\"elementor-spacer-inner\"><\/div>\n\t\t<\/div>\n\t\t\t\t\t\t<\/div>\n\t\t\t\t<\/div>\n\t\t\t\t\t<\/div>\n\t\t\t\t<\/div>\n\t\t<div class=\"elementor-element elementor-element-1b8fe79 e-flex e-con-boxed e-con e-parent\" data-id=\"1b8fe79\" data-element_type=\"container\">\n\t\t\t\t\t<div class=\"e-con-inner\">\n\t\t\t\t<div class=\"elementor-element elementor-element-642504f elementor-widget elementor-widget-heading\" data-id=\"642504f\" data-element_type=\"widget\" data-widget_type=\"heading.default\">\n\t\t\t\t<div class=\"elementor-widget-container\">\n\t\t\t\t\t<h2 class=\"elementor-heading-title elementor-size-default\">Histoire de d\u00e9part<\/h2>\t\t\t\t<\/div>\n\t\t\t\t<\/div>\n\t\t\t\t<div class=\"elementor-element elementor-element-df858ab elementor-widget__width-initial elementor-widget-mobile__width-initial elementor-widget elementor-widget-image\" data-id=\"df858ab\" data-element_type=\"widget\" data-widget_type=\"image.default\">\n\t\t\t\t<div class=\"elementor-widget-container\">\n\t\t\t\t\t\t\t\t\t\t\t\t\t\t\t<img fetchpriority=\"high\" decoding=\"async\" width=\"780\" height=\"520\" src=\"https:\/\/s4p.org\/fr\/wp-content\/uploads\/2024\/05\/medina.jpg\" class=\"attachment-full size-full wp-image-206\" alt=\"\" srcset=\"https:\/\/s4p.org\/fr\/wp-content\/uploads\/2024\/05\/medina.jpg 780w, https:\/\/s4p.org\/fr\/wp-content\/uploads\/2024\/05\/medina-300x200.jpg 300w, https:\/\/s4p.org\/fr\/wp-content\/uploads\/2024\/05\/medina-768x512.jpg 768w\" sizes=\"(max-width: 780px) 100vw, 780px\" \/>\t\t\t\t\t\t\t\t\t\t\t\t\t\t\t<\/div>\n\t\t\t\t<\/div>\n\t\t\t\t\t<\/div>\n\t\t\t\t<\/div>\n\t\t<div class=\"elementor-element elementor-element-0f050ab e-flex e-con-boxed e-con e-parent\" data-id=\"0f050ab\" data-element_type=\"container\">\n\t\t\t\t\t<div class=\"e-con-inner\">\n\t\t\t\t<div class=\"elementor-element elementor-element-fc64fa7 elementor-widget elementor-widget-text-editor\" data-id=\"fc64fa7\" data-element_type=\"widget\" data-widget_type=\"text-editor.default\">\n\t\t\t\t<div class=\"elementor-widget-container\">\n\t\t\t\t\t\t\t\t\t<p>L&#8217;id\u00e9e de Shabab 4 Peace \u00e0 ses d\u00e9buts a commenc\u00e9 avec l&#8217;id\u00e9e d&#8217;une cha\u00eene sur YouTube uniquement. C&#8217;est parce que lorsque la question de certaines personnes du Soudan m&#8217;est venue lors de mes nombreuses visites au Soudan depuis l&#8217;Am\u00e9rique, elles ont demand\u00e9:<\/p><p>\u2013 Ne trouvez-vous pas le harc\u00e8lement en Am\u00e9rique en tant que Musulman avec votre barbe?<\/p><p>\u2013 Ne trouvez-vous pas le harc\u00e8lement en Am\u00e9rique et vous portez votre tenue Soudanaise internationale &#8220;Jalabia&#8221; \u2013 qui vous distingue en tant que musulman -?<\/p><p>Je leur ai dit: (Les musulmans en Am\u00e9rique ont la pleine libert\u00e9 de pratiquer leurs droits religieux, et de porter ce qui les distingue du reste du peuple du jellabab, chapeau, voile ou m\u00eame niqab), et malgr\u00e9 ma r\u00e9ponse \u00e0 eux \u2013 et j&#8217;ai pass\u00e9 un quart de si\u00e8cle en Am\u00e9rique \u2013 Ils n&#8217;\u00e9taient pas convaincus de mes r\u00e9ponses, et disent qu&#8217;ils ont lu dans les journaux sur les mauvais traitements inflig\u00e9s aux musulmans en Am\u00e9rique apr\u00e8s les \u00e9v\u00e9nements du 11 Septembre 2001.<\/p><p>Je me suis dit: Pourquoi ne cr\u00e9e-je pas une cha\u00eene sur Youtube, et lors de mes voyages \u00e0 travers le monde, je rencontre les \u00e9rudits de l&#8217;Islam de diff\u00e9rents pays \u2013 en particulier les pays occidentaux \u2013 pour refl\u00e9ter les conditions de l&#8217;Islam et des musulmans dans leurs pays, et j&#8217;ai nomm\u00e9 ma cha\u00eene sur Youtube par \u201cAbuHamza Alnubi Channel\u201d.<\/p><p>Ensuite, l&#8217;id\u00e9e s&#8217;est d\u00e9velopp\u00e9e pour sa deuxi\u00e8me phase, en ajoutant \u00e0 l&#8217;id\u00e9e pr\u00e9c\u00e9dente l&#8217;id\u00e9e de \u201cDiffuser les connaissances des savants soudanais \u00e0 l&#8217;int\u00e9rieur et \u00e0 l&#8217;ext\u00e9rieur du Soudan, et de traduire quelques br\u00e8ves r\u00e9flexions des savants sur la d\u00e9finition de l&#8217;Islam et le message du proph\u00e8te de mis\u00e9ricorde Muhammad (Paix soit sur lui) dans les principales langues du monde, et de les diffuser via YouTube et les sites de r\u00e9seaux sociaux\u201d, en particulier que de nombreux non-musulmans ont l&#8217;islamophobie parce qu&#8217;ils ne savent pas grand-chose sur l&#8217;Islam, la religion de la paix et sur le proph\u00e8te Mohammed (paix soit sur lui).<\/p><p>Ensuite, j&#8217;ai eu une troisi\u00e8me id\u00e9e; qui est: Puisque je veux diffuser les connaissances des savants soudanais en dehors du Soudan, pourquoi ne devrais \u2013 je pas rejoindre la cha\u00eene d&#8217;autres savants de l&#8217;ext\u00e9rieur du Soudan, qui sont d&#8217;\u00e9minents savants, mais que le monde islamique ne les conna\u00eet pas; comme Shiekh: Mohamed Ahmed Louh \u2013 Pr\u00e9sident de l&#8217;Union des Savants Africains et doyen du Coll\u00e8ge Africain d&#8217;\u00c9tudes Islamiques au S\u00e9n\u00e9gal \u2013 de cette fa\u00e7on, nous pouvons diffuser les connaissances des savants musulmans du monde entier, en traduisant leurs conf\u00e9rences dans les diff\u00e9rentes langues principales du monde-si Allah le veut -.<\/p><p>Et puis l&#8217;id\u00e9e de la cha\u00eene Abu Hamza Alnubi s&#8217;est d\u00e9velopp\u00e9e pour la quatri\u00e8me et derni\u00e8re \u00e9tape qui est la suivante: L&#8217;id\u00e9e a \u00e9volu\u00e9 d&#8217;\u00eatre une cha\u00eene m\u00e9diatique uniquement, pour \u00eatre une organisation de secours, de d\u00e9veloppement, \u00e9ducative, m\u00e9diatique, mondiale; sur les traces du serviteur des pauvres d&#8217;Afrique; Dr Abdelrahman Al-Sumait (qu&#8217;Allah ait piti\u00e9 de lui);<\/p><p>La raison de ce d\u00e9veloppement est qu&#8217;apr\u00e8s avoir quitt\u00e9 l&#8217;Am\u00e9rique en mars 2018 et \u00eatre all\u00e9 chercher \u00e0 apprendre les connaissances islamiques et \u00e0 s&#8217;engager dans des activit\u00e9s humanitaires pour aider les peuples d&#8217;Afrique, j&#8217;ai visit\u00e9 l&#8217;une des organisations du Golfe qui travaille \u00e0 fournir de l&#8217;aide et des secours \u00e0 l&#8217;homme oublieux de l&#8217;Afrique. J&#8217;ai rencontr\u00e9 le chef adjoint de l&#8217;un des d\u00e9partements de cette organisation et lui ai offert mon d\u00e9sir de travailler avec eux pendant les vacances d&#8217;\u00e9t\u00e9 sans salaire et un travail permanent apr\u00e8s l&#8217;obtention de mon dipl\u00f4me du D\u00e9partement de la Charia au Coll\u00e8ge de la Mosqu\u00e9e du Proph\u00e8te. L&#8217;homme a salu\u00e9 mon initiative. Il m&#8217;a m\u00eame sugg\u00e9r\u00e9 d&#8217;\u00e9tudier dans un institut de ce pays pendant seulement cinq mois pour \u00eatre qualifi\u00e9 pour rejoindre leur organisation et participer au travail de secours et humanitaire. Mais j&#8217;ai pr\u00e9f\u00e9r\u00e9 d&#8217;abord, avant de m&#8217;impliquer dans le travail de secours en Afrique, \u00e9tudier la science de la Charia \u00e0 ses origines au Coll\u00e8ge de la Mosqu\u00e9e du proph\u00e8te Mohammed (que la paix soit sur lui) dans la ville de houx d&#8217;Almadina.<\/p><p>J&#8217;ai continu\u00e9 \u00e0 communiquer avec ce chef adjoint de cette organisation apr\u00e8s mon retour au Soudan en lui demandant de m&#8217;envoyer les statistiques finales des r\u00e9alisations de leur organisation afin que je puisse les inclure dans le sermon du vendredi que je voulais prononcer au Soudan sur les r\u00e9alisations de leur organisation en Afrique, mais ce chef adjoint a ignor\u00e9 mes correspondants et n&#8217;a pr\u00eat\u00e9 aucune attention \u00e0 moi. Ensuite, je me suis souvenu de l&#8217;histoire de la famille de Stanford en Am\u00e9rique, qui a construit une universit\u00e9 enti\u00e8re pour comm\u00e9morer leur fils apr\u00e8s avoir \u00e9t\u00e9 n\u00e9glig\u00e9 par le directeur de l&#8217;Universit\u00e9 de Harvard, parce qu&#8217;ils voulaient construire un b\u00e2timent au sein de l&#8217;Universit\u00e9 de Harvard pour comm\u00e9morer leur fils d\u00e9c\u00e9d\u00e9 dans un accident de la circulation alors qu&#8217;il \u00e9tudiait sa premi\u00e8re ann\u00e9e \u00e0 l&#8217;Universit\u00e9 de Harvard. Ils ont ensuite construit l&#8217;Universit\u00e9 de Stanford en Californie. Je me suis dit: Pourquoi ne pas faire la m\u00eame chose que la famille Stanford et cr\u00e9er moi-m\u00eame une organisation caritative, comme celle de l&#8217;organisation du Golfe qui a connu un grand succ\u00e8s en Afrique, o\u00f9 je peux inclure des jeunes qui \u00e9tudient dans la ville de houx d&#8217;Almadina o\u00f9 j&#8217;\u00e9tudierai, ou ceux qui sont d\u00e9j\u00e0 dipl\u00f4m\u00e9s de l\u00e0-bas et qui ont de grandes ambitions et id\u00e9es dans le domaine de l&#8217;aide et du travail humanitaire, Sachant que l&#8217;Afrique a beaucoup besoin d&#8217;une organisation aussi importante du Golfe.<\/p><p>C&#8217;est alors que j&#8217;ai communiqu\u00e9 avec un grand nombre d&#8217;\u00e9tudiants africains de l&#8217;Universit\u00e9 Islamique d&#8217;Almadina dans la ville du proph\u00e8te et avec certains des \u00e9tudiants du Coll\u00e8ge de la Mosqu\u00e9e du Proph\u00e8te, puis j&#8217;ai choisi qui sont plus ambitieux et croient aux id\u00e9es de l&#8217;organisation de Paix Shabab 4, et nous avons tenu notre premi\u00e8re r\u00e9union dans la ville du proph\u00e8te Mohammed (paix soit sur lui) le lundi 22 Ramadan de 1440 AH (27 mai 2019). Ce jour-l\u00e0, nous avons commenc\u00e9 par nos ambitions et nos efforts et la supplication des musulmans et de leurs dons et tout d&#8217;abord en comptant sur Allah Tout-Puissant; et demander \u00e0 Allah Tout-Puissant: la conciliation et les r\u00e9compenses et l&#8217;acceptation.<\/p><p>Hassan Zumrawi Mohamed Osman<br \/>Fondateur et Directeur de l&#8217;Organisation<\/p>\t\t\t\t\t\t\t\t<\/div>\n\t\t\t\t<\/div>\n\t\t\t\t\t<\/div>\n\t\t\t\t<\/div>\n\t\t\t\t<\/div>\n\t\t","protected":false},"excerpt":{"rendered":"<p>Histoire de d\u00e9part L&#8217;id\u00e9e de Shabab 4 Peace \u00e0 ses d\u00e9buts a commenc\u00e9 avec l&#8217;id\u00e9e d&#8217;une cha\u00eene sur YouTube uniquement&#8230;.<\/p>\n","protected":false},"author":1,"featured_media":0,"parent":0,"menu_order":0,"comment_status":"closed","ping_status":"closed","template":"elementor_header_footer","meta":{"give_campaign_id":0,"site-sidebar-layout":"no-sidebar","site-content-layout":"","ast-site-content-layout":"full-width-container","site-content-style":"default","site-sidebar-style":"default","ast-global-header-display":"","ast-banner-title-visibility":"","ast-main-header-display":"","ast-hfb-above-header-display":"","ast-hfb-below-header-display":"","ast-hfb-mobile-header-display":"","site-post-title":"disabled","ast-breadcrumbs-content":"","ast-featured-img":"disabled","footer-sml-layout":"","theme-transparent-header-meta":"","adv-header-id-meta":"","stick-header-meta":"","header-above-stick-meta":"","header-main-stick-meta":"","header-below-stick-meta":"","astra-migrate-meta-layouts":"default","ast-page-background-enabled":"default","ast-page-background-meta":{"desktop":{"background-color":"var(--ast-global-color-4)","background-image":"","background-repeat":"repeat","background-position":"center center","background-size":"auto","background-attachment":"scroll","background-type":"","background-media":"","overlay-type":"","overlay-color":"","overlay-opacity":"","overlay-gradient":""},"tablet":{"background-color":"","background-image":"","background-repeat":"repeat","background-position":"center center","background-size":"auto","background-attachment":"scroll","background-type":"","background-media":"","overlay-type":"","overlay-color":"","overlay-opacity":"","overlay-gradient":""},"mobile":{"background-color":"","background-image":"","background-repeat":"repeat","background-position":"center center","background-size":"auto","background-attachment":"scroll","background-type":"","background-media":"","overlay-type":"","overlay-color":"","overlay-opacity":"","overlay-gradient":""}},"ast-content-background-meta":{"desktop":{"background-color":"var(--ast-global-color-5)","background-image":"","background-repeat":"repeat","background-position":"center center","background-size":"auto","background-attachment":"scroll","background-type":"","background-media":"","overlay-type":"","overlay-color":"","overlay-opacity":"","overlay-gradient":""},"tablet":{"background-color":"var(--ast-global-color-5)","background-image":"","background-repeat":"repeat","background-position":"center center","background-size":"auto","background-attachment":"scroll","background-type":"","background-media":"","overlay-type":"","overlay-color":"","overlay-opacity":"","overlay-gradient":""},"mobile":{"background-color":"var(--ast-global-color-5)","background-image":"","background-repeat":"repeat","background-position":"center center","background-size":"auto","background-attachment":"scroll","background-type":"","background-media":"","overlay-type":"","overlay-color":"","overlay-opacity":"","overlay-gradient":""}},"footnotes":""},"class_list":["post-204","page","type-page","status-publish","hentry"],"campaignId":"","_links":{"self":[{"href":"https:\/\/s4p.org\/fr\/wp-json\/wp\/v2\/pages\/204","targetHints":{"allow":["GET"]}}],"collection":[{"href":"https:\/\/s4p.org\/fr\/wp-json\/wp\/v2\/pages"}],"about":[{"href":"https:\/\/s4p.org\/fr\/wp-json\/wp\/v2\/types\/page"}],"author":[{"embeddable":true,"href":"https:\/\/s4p.org\/fr\/wp-json\/wp\/v2\/users\/1"}],"replies":[{"embeddable":true,"href":"https:\/\/s4p.org\/fr\/wp-json\/wp\/v2\/comments?post=204"}],"version-history":[{"count":12,"href":"https:\/\/s4p.org\/fr\/wp-json\/wp\/v2\/pages\/204\/revisions"}],"predecessor-version":[{"id":1315,"href":"https:\/\/s4p.org\/fr\/wp-json\/wp\/v2\/pages\/204\/revisions\/1315"}],"wp:attachment":[{"href":"https:\/\/s4p.org\/fr\/wp-json\/wp\/v2\/media?parent=204"}],"curies":[{"name":"wp","href":"https:\/\/api.w.org\/{rel}","templated":true}]}}