{"id":234,"date":"2024-05-18T13:05:24","date_gmt":"2024-05-18T13:05:24","guid":{"rendered":"https:\/\/s4p.org\/fr\/?page_id=234"},"modified":"2024-06-09T22:17:12","modified_gmt":"2024-06-09T22:17:12","slug":"pourquoi-leducation-dabord","status":"publish","type":"page","link":"https:\/\/s4p.org\/fr\/pourquoi-leducation-dabord\/","title":{"rendered":"Pourquoi l&#8217;Education d&#8217;abord"},"content":{"rendered":"\t\t<div data-elementor-type=\"wp-page\" data-elementor-id=\"234\" class=\"elementor elementor-234\">\n\t\t\t\t<div class=\"elementor-element elementor-element-4c2086e e-flex e-con-boxed e-con e-parent\" data-id=\"4c2086e\" data-element_type=\"container\">\n\t\t\t\t\t<div class=\"e-con-inner\">\n\t\t\t\t<div class=\"elementor-element elementor-element-83f08a9 elementor-widget elementor-widget-spacer\" data-id=\"83f08a9\" data-element_type=\"widget\" data-widget_type=\"spacer.default\">\n\t\t\t\t<div class=\"elementor-widget-container\">\n\t\t\t\t\t\t\t<div class=\"elementor-spacer\">\n\t\t\t<div class=\"elementor-spacer-inner\"><\/div>\n\t\t<\/div>\n\t\t\t\t\t\t<\/div>\n\t\t\t\t<\/div>\n\t\t\t\t\t<\/div>\n\t\t\t\t<\/div>\n\t\t<div class=\"elementor-element elementor-element-1b8fe79 e-flex e-con-boxed e-con e-parent\" data-id=\"1b8fe79\" data-element_type=\"container\">\n\t\t\t\t\t<div class=\"e-con-inner\">\n\t\t\t\t<div class=\"elementor-element elementor-element-642504f elementor-widget elementor-widget-heading\" data-id=\"642504f\" data-element_type=\"widget\" data-widget_type=\"heading.default\">\n\t\t\t\t<div class=\"elementor-widget-container\">\n\t\t\t\t\t<h2 class=\"elementor-heading-title elementor-size-default\">Pourquoi l'Education d'abord<\/h2>\t\t\t\t<\/div>\n\t\t\t\t<\/div>\n\t\t\t\t<div class=\"elementor-element elementor-element-df858ab elementor-widget__width-initial elementor-widget-mobile__width-initial elementor-widget elementor-widget-image\" data-id=\"df858ab\" data-element_type=\"widget\" data-widget_type=\"image.default\">\n\t\t\t\t<div class=\"elementor-widget-container\">\n\t\t\t\t\t\t\t\t\t\t\t\t\t\t\t<img fetchpriority=\"high\" decoding=\"async\" width=\"612\" height=\"408\" src=\"https:\/\/s4p.org\/fr\/wp-content\/uploads\/2024\/05\/why-education-important-removebg-preview.png\" class=\"attachment-full size-full wp-image-237\" alt=\"\" srcset=\"https:\/\/s4p.org\/fr\/wp-content\/uploads\/2024\/05\/why-education-important-removebg-preview.png 612w, https:\/\/s4p.org\/fr\/wp-content\/uploads\/2024\/05\/why-education-important-removebg-preview-300x200.png 300w\" sizes=\"(max-width: 612px) 100vw, 612px\" \/>\t\t\t\t\t\t\t\t\t\t\t\t\t\t\t<\/div>\n\t\t\t\t<\/div>\n\t\t\t\t\t<\/div>\n\t\t\t\t<\/div>\n\t\t<div class=\"elementor-element elementor-element-0f050ab e-flex e-con-boxed e-con e-parent\" data-id=\"0f050ab\" data-element_type=\"container\">\n\t\t\t\t\t<div class=\"e-con-inner\">\n\t\t\t\t<div class=\"elementor-element elementor-element-fc64fa7 elementor-widget elementor-widget-text-editor\" data-id=\"fc64fa7\" data-element_type=\"widget\" data-widget_type=\"text-editor.default\">\n\t\t\t\t<div class=\"elementor-widget-container\">\n\t\t\t\t\t\t\t\t\t<p>Parce que l&#8217;enfant Africain est le plus grand enfant \u2013 parmi les enfants du monde \u2013 en retard dans l&#8217;\u00e9ducation; ainsi, les organisations internationales telles que l&#8217;UNICEF qui travaillent depuis plus de sept d\u00e9cennies pour s&#8217;occuper des enfants partout dans le monde \u2013 en particulier dans les pays en d\u00e9veloppement \u2013 Tokyo Quatri\u00e8me Conf\u00e9rence Internationale en Mai 2008 sur le D\u00e9veloppement de l&#8217;Afrique. L&#8217;UNICEF a lanc\u00e9 le rapport \u201cLa Situation des Enfants en Afrique 2008: La survie de l&#8217;enfant\u201d. \u00c0 l&#8217;occasion de la Journ\u00e9e internationale de l&#8217;enfance, qui tombe le 16 juin de chaque ann\u00e9e, l&#8217;organisation \u201cSave the Children\u201d a publi\u00e9 un rapport sur les enfants africains dans lequel elle soulignait leur situation humanitaire. Le rapport de l&#8217;Organisation indiquait que: \u2013 9 millions d&#8217;enfants de sexe f\u00e9minin et 6 millions d&#8217;enfants de sexe masculin abandonnent l&#8217;\u00e9cole en Afrique subsaharienne. \u2013 Il a \u00e9galement montr\u00e9 que la moiti\u00e9 des enfants au Tchad et en Somalie ne sont jamais all\u00e9s \u00e0 l&#8217;\u00e9cole. \u2013 La proportion d&#8217;enfants priv\u00e9s du droit \u00e0 l&#8217;\u00e9ducation au Niger est de 55%. \u2013 A Djibouti, 61% de ses enfants ne sont pas all\u00e9s \u00e0 l&#8217;\u00e9cole. \u2013 En Erythr\u00e9e, 63% de ses enfants ne sont pas all\u00e9s \u00e0 l&#8217;\u00e9cole. \u2013 Comme au Sud-Soudan, les deux tiers des enfants se voient refuser l&#8217;\u00e9ducation. Pour tout cela: il fallait d&#8217;abord s&#8217;occuper d&#8217;enseigner \u00e0 l&#8217;enfant africain avant de penser \u00e0 lui apporter de l&#8217;aide; car l&#8217;affaire pour nous comme disent les Chinois: &#8220;Pour m&#8217;apprendre \u00e0 p\u00eacher, mieux vaut que d&#8217;attraper un poisson pour moi tous les jours.\u201d<\/p><p>Pr\u00eater attention \u00e0 l&#8217;\u00e9ducation des enfants Africains: en fera des b\u00e2tisseurs de leurs villes et villages et de leurs pays \u00e0 l&#8217;avenir-Si Allah le veut<\/p>\t\t\t\t\t\t\t\t<\/div>\n\t\t\t\t<\/div>\n\t\t\t\t\t<\/div>\n\t\t\t\t<\/div>\n\t\t\t\t<\/div>\n\t\t","protected":false},"excerpt":{"rendered":"<p>Pourquoi l&#8217;Education d&#8217;abord Parce que l&#8217;enfant Africain est le plus grand enfant \u2013 parmi les enfants du monde \u2013 en&#8230;<\/p>\n","protected":false},"author":1,"featured_media":0,"parent":0,"menu_order":0,"comment_status":"closed","ping_status":"closed","template":"elementor_header_footer","meta":{"give_campaign_id":0,"site-sidebar-layout":"no-sidebar","site-content-layout":"","ast-site-content-layout":"full-width-container","site-content-style":"default","site-sidebar-style":"default","ast-global-header-display":"","ast-banner-title-visibility":"","ast-main-header-display":"","ast-hfb-above-header-display":"","ast-hfb-below-header-display":"","ast-hfb-mobile-header-display":"","site-post-title":"disabled","ast-breadcrumbs-content":"","ast-featured-img":"disabled","footer-sml-layout":"","theme-transparent-header-meta":"","adv-header-id-meta":"","stick-header-meta":"","header-above-stick-meta":"","header-main-stick-meta":"","header-below-stick-meta":"","astra-migrate-meta-layouts":"default","ast-page-background-enabled":"default","ast-page-background-meta":{"desktop":{"background-color":"var(--ast-global-color-4)","background-image":"","background-repeat":"repeat","background-position":"center center","background-size":"auto","background-attachment":"scroll","background-type":"","background-media":"","overlay-type":"","overlay-color":"","overlay-opacity":"","overlay-gradient":""},"tablet":{"background-color":"","background-image":"","background-repeat":"repeat","background-position":"center center","background-size":"auto","background-attachment":"scroll","background-type":"","background-media":"","overlay-type":"","overlay-color":"","overlay-opacity":"","overlay-gradient":""},"mobile":{"background-color":"","background-image":"","background-repeat":"repeat","background-position":"center center","background-size":"auto","background-attachment":"scroll","background-type":"","background-media":"","overlay-type":"","overlay-color":"","overlay-opacity":"","overlay-gradient":""}},"ast-content-background-meta":{"desktop":{"background-color":"var(--ast-global-color-5)","background-image":"","background-repeat":"repeat","background-position":"center center","background-size":"auto","background-attachment":"scroll","background-type":"","background-media":"","overlay-type":"","overlay-color":"","overlay-opacity":"","overlay-gradient":""},"tablet":{"background-color":"var(--ast-global-color-5)","background-image":"","background-repeat":"repeat","background-position":"center center","background-size":"auto","background-attachment":"scroll","background-type":"","background-media":"","overlay-type":"","overlay-color":"","overlay-opacity":"","overlay-gradient":""},"mobile":{"background-color":"var(--ast-global-color-5)","background-image":"","background-repeat":"repeat","background-position":"center center","background-size":"auto","background-attachment":"scroll","background-type":"","background-media":"","overlay-type":"","overlay-color":"","overlay-opacity":"","overlay-gradient":""}},"footnotes":""},"class_list":["post-234","page","type-page","status-publish","hentry"],"campaignId":"","_links":{"self":[{"href":"https:\/\/s4p.org\/fr\/wp-json\/wp\/v2\/pages\/234","targetHints":{"allow":["GET"]}}],"collection":[{"href":"https:\/\/s4p.org\/fr\/wp-json\/wp\/v2\/pages"}],"about":[{"href":"https:\/\/s4p.org\/fr\/wp-json\/wp\/v2\/types\/page"}],"author":[{"embeddable":true,"href":"https:\/\/s4p.org\/fr\/wp-json\/wp\/v2\/users\/1"}],"replies":[{"embeddable":true,"href":"https:\/\/s4p.org\/fr\/wp-json\/wp\/v2\/comments?post=234"}],"version-history":[{"count":23,"href":"https:\/\/s4p.org\/fr\/wp-json\/wp\/v2\/pages\/234\/revisions"}],"predecessor-version":[{"id":1368,"href":"https:\/\/s4p.org\/fr\/wp-json\/wp\/v2\/pages\/234\/revisions\/1368"}],"wp:attachment":[{"href":"https:\/\/s4p.org\/fr\/wp-json\/wp\/v2\/media?parent=234"}],"curies":[{"name":"wp","href":"https:\/\/api.w.org\/{rel}","templated":true}]}}