{"id":262,"date":"2024-05-18T13:12:41","date_gmt":"2024-05-18T13:12:41","guid":{"rendered":"https:\/\/s4p.org\/fr\/?page_id=262"},"modified":"2024-06-09T22:08:26","modified_gmt":"2024-06-09T22:08:26","slug":"le-premier-don","status":"publish","type":"page","link":"https:\/\/s4p.org\/fr\/le-premier-don\/","title":{"rendered":"Le Premier Don"},"content":{"rendered":"\t\t<div data-elementor-type=\"wp-page\" data-elementor-id=\"262\" class=\"elementor elementor-262\">\n\t\t\t\t<div class=\"elementor-element elementor-element-4c2086e e-flex e-con-boxed e-con e-parent\" data-id=\"4c2086e\" data-element_type=\"container\">\n\t\t\t\t\t<div class=\"e-con-inner\">\n\t\t\t\t<div class=\"elementor-element elementor-element-83f08a9 elementor-widget elementor-widget-spacer\" data-id=\"83f08a9\" data-element_type=\"widget\" data-widget_type=\"spacer.default\">\n\t\t\t\t<div class=\"elementor-widget-container\">\n\t\t\t\t\t\t\t<div class=\"elementor-spacer\">\n\t\t\t<div class=\"elementor-spacer-inner\"><\/div>\n\t\t<\/div>\n\t\t\t\t\t\t<\/div>\n\t\t\t\t<\/div>\n\t\t\t\t\t<\/div>\n\t\t\t\t<\/div>\n\t\t<div class=\"elementor-element elementor-element-1b8fe79 e-flex e-con-boxed e-con e-parent\" data-id=\"1b8fe79\" data-element_type=\"container\">\n\t\t\t\t\t<div class=\"e-con-inner\">\n\t\t\t\t<div class=\"elementor-element elementor-element-642504f elementor-widget elementor-widget-heading\" data-id=\"642504f\" data-element_type=\"widget\" data-widget_type=\"heading.default\">\n\t\t\t\t<div class=\"elementor-widget-container\">\n\t\t\t\t\t<h2 class=\"elementor-heading-title elementor-size-default\">Le Premier Don<\/h2>\t\t\t\t<\/div>\n\t\t\t\t<\/div>\n\t\t\t\t<div class=\"elementor-element elementor-element-df858ab elementor-widget__width-initial elementor-widget-mobile__width-initial elementor-widget elementor-widget-image\" data-id=\"df858ab\" data-element_type=\"widget\" data-widget_type=\"image.default\">\n\t\t\t\t<div class=\"elementor-widget-container\">\n\t\t\t\t\t\t\t\t\t\t\t\t\t\t\t<img fetchpriority=\"high\" decoding=\"async\" width=\"1024\" height=\"576\" src=\"https:\/\/s4p.org\/fr\/wp-content\/uploads\/2024\/05\/image1-1.jpg\" class=\"attachment-full size-full wp-image-264\" alt=\"\" srcset=\"https:\/\/s4p.org\/fr\/wp-content\/uploads\/2024\/05\/image1-1.jpg 1024w, https:\/\/s4p.org\/fr\/wp-content\/uploads\/2024\/05\/image1-1-300x169.jpg 300w, https:\/\/s4p.org\/fr\/wp-content\/uploads\/2024\/05\/image1-1-768x432.jpg 768w\" sizes=\"(max-width: 1024px) 100vw, 1024px\" \/>\t\t\t\t\t\t\t\t\t\t\t\t\t\t\t<\/div>\n\t\t\t\t<\/div>\n\t\t\t\t\t<\/div>\n\t\t\t\t<\/div>\n\t\t<div class=\"elementor-element elementor-element-0f050ab e-flex e-con-boxed e-con e-parent\" data-id=\"0f050ab\" data-element_type=\"container\">\n\t\t\t\t\t<div class=\"e-con-inner\">\n\t\t\t\t<div class=\"elementor-element elementor-element-fc64fa7 elementor-widget elementor-widget-text-editor\" data-id=\"fc64fa7\" data-element_type=\"widget\" data-widget_type=\"text-editor.default\">\n\t\t\t\t<div class=\"elementor-widget-container\">\n\t\t\t\t\t\t\t\t\t<p>Une photo souvenir des neveux et ni\u00e8ces du fondateur de l&#8217;organisation r\u00e9sidant aux \u00c9tats-Unis d&#8217;Am\u00e9rique;<br \/>Ils Ont Fait Un Don:<\/p><p>\u2013 Pour la moiti\u00e9 de la valeur de ce qu&#8217;ils ont re\u00e7u en cadeau pour l&#8217;A\u00efd \u00e0 l&#8217;organisation &#8220;Shabab 4 Peace&#8221;; au profit des enfants africains priv\u00e9s de: \u00e9ducation, nourriture, eau, m\u00e9dicaments et v\u00eatements.<\/p><p>\u2013 Avec l&#8217;autre moiti\u00e9, ils en ont fait don \u00e0 l&#8217;organisation\u201d Kids 4 Kids&#8221;, qui est l&#8217;id\u00e9e de Mustafa Hassan Zumrawi, le fils du fondateur de l&#8217;organisation de Shabab 4 Peace.<\/p><p>* L\u2019Organisation Kids 4 Kids pour les enfants: son id\u00e9e est de collecter des fonds aupr\u00e8s d&#8217;enfants Soudanais du monde entier pour soutenir les enfants d\u00e9plac\u00e9s au Soudan, leur fournir une \u00e9ducation de qualit\u00e9 et une vie d\u00e9cente \u2013 pour eux -.<\/p><p>Ce don, qui s&#8217;\u00e9l\u00e8ve \u00e0 un total de 300 $ US, est la fondation sur laquelle nous b\u00e2tirons le travail des deux organisations.<\/p>\t\t\t\t\t\t\t\t<\/div>\n\t\t\t\t<\/div>\n\t\t\t\t\t<\/div>\n\t\t\t\t<\/div>\n\t\t\t\t<\/div>\n\t\t","protected":false},"excerpt":{"rendered":"<p>Le Premier Don Une photo souvenir des neveux et ni\u00e8ces du fondateur de l&#8217;organisation r\u00e9sidant aux \u00c9tats-Unis d&#8217;Am\u00e9rique;Ils Ont Fait&#8230;<\/p>\n","protected":false},"author":1,"featured_media":0,"parent":0,"menu_order":0,"comment_status":"closed","ping_status":"closed","template":"elementor_header_footer","meta":{"give_campaign_id":0,"site-sidebar-layout":"no-sidebar","site-content-layout":"","ast-site-content-layout":"full-width-container","site-content-style":"default","site-sidebar-style":"default","ast-global-header-display":"","ast-banner-title-visibility":"","ast-main-header-display":"","ast-hfb-above-header-display":"","ast-hfb-below-header-display":"","ast-hfb-mobile-header-display":"","site-post-title":"disabled","ast-breadcrumbs-content":"","ast-featured-img":"disabled","footer-sml-layout":"","theme-transparent-header-meta":"","adv-header-id-meta":"","stick-header-meta":"","header-above-stick-meta":"","header-main-stick-meta":"","header-below-stick-meta":"","astra-migrate-meta-layouts":"default","ast-page-background-enabled":"default","ast-page-background-meta":{"desktop":{"background-color":"var(--ast-global-color-4)","background-image":"","background-repeat":"repeat","background-position":"center center","background-size":"auto","background-attachment":"scroll","background-type":"","background-media":"","overlay-type":"","overlay-color":"","overlay-opacity":"","overlay-gradient":""},"tablet":{"background-color":"","background-image":"","background-repeat":"repeat","background-position":"center center","background-size":"auto","background-attachment":"scroll","background-type":"","background-media":"","overlay-type":"","overlay-color":"","overlay-opacity":"","overlay-gradient":""},"mobile":{"background-color":"","background-image":"","background-repeat":"repeat","background-position":"center center","background-size":"auto","background-attachment":"scroll","background-type":"","background-media":"","overlay-type":"","overlay-color":"","overlay-opacity":"","overlay-gradient":""}},"ast-content-background-meta":{"desktop":{"background-color":"var(--ast-global-color-5)","background-image":"","background-repeat":"repeat","background-position":"center center","background-size":"auto","background-attachment":"scroll","background-type":"","background-media":"","overlay-type":"","overlay-color":"","overlay-opacity":"","overlay-gradient":""},"tablet":{"background-color":"var(--ast-global-color-5)","background-image":"","background-repeat":"repeat","background-position":"center center","background-size":"auto","background-attachment":"scroll","background-type":"","background-media":"","overlay-type":"","overlay-color":"","overlay-opacity":"","overlay-gradient":""},"mobile":{"background-color":"var(--ast-global-color-5)","background-image":"","background-repeat":"repeat","background-position":"center center","background-size":"auto","background-attachment":"scroll","background-type":"","background-media":"","overlay-type":"","overlay-color":"","overlay-opacity":"","overlay-gradient":""}},"footnotes":""},"class_list":["post-262","page","type-page","status-publish","hentry"],"campaignId":"","_links":{"self":[{"href":"https:\/\/s4p.org\/fr\/wp-json\/wp\/v2\/pages\/262","targetHints":{"allow":["GET"]}}],"collection":[{"href":"https:\/\/s4p.org\/fr\/wp-json\/wp\/v2\/pages"}],"about":[{"href":"https:\/\/s4p.org\/fr\/wp-json\/wp\/v2\/types\/page"}],"author":[{"embeddable":true,"href":"https:\/\/s4p.org\/fr\/wp-json\/wp\/v2\/users\/1"}],"replies":[{"embeddable":true,"href":"https:\/\/s4p.org\/fr\/wp-json\/wp\/v2\/comments?post=262"}],"version-history":[{"count":12,"href":"https:\/\/s4p.org\/fr\/wp-json\/wp\/v2\/pages\/262\/revisions"}],"predecessor-version":[{"id":1354,"href":"https:\/\/s4p.org\/fr\/wp-json\/wp\/v2\/pages\/262\/revisions\/1354"}],"wp:attachment":[{"href":"https:\/\/s4p.org\/fr\/wp-json\/wp\/v2\/media?parent=262"}],"curies":[{"name":"wp","href":"https:\/\/api.w.org\/{rel}","templated":true}]}}