{"id":268,"date":"2024-05-18T13:14:29","date_gmt":"2024-05-18T13:14:29","guid":{"rendered":"https:\/\/s4p.org\/fr\/?page_id=268"},"modified":"2024-06-09T22:15:51","modified_gmt":"2024-06-09T22:15:51","slug":"a-propos-du-fondateur","status":"publish","type":"page","link":"https:\/\/s4p.org\/fr\/a-propos-du-fondateur\/","title":{"rendered":"\u00c0 Propos du Fondateur"},"content":{"rendered":"\t\t<div data-elementor-type=\"wp-page\" data-elementor-id=\"268\" class=\"elementor elementor-268\">\n\t\t\t\t<div class=\"elementor-element elementor-element-4c2086e e-flex e-con-boxed e-con e-parent\" data-id=\"4c2086e\" data-element_type=\"container\">\n\t\t\t\t\t<div class=\"e-con-inner\">\n\t\t\t\t<div class=\"elementor-element elementor-element-83f08a9 elementor-widget elementor-widget-spacer\" data-id=\"83f08a9\" data-element_type=\"widget\" data-widget_type=\"spacer.default\">\n\t\t\t\t<div class=\"elementor-widget-container\">\n\t\t\t\t\t\t\t<div class=\"elementor-spacer\">\n\t\t\t<div class=\"elementor-spacer-inner\"><\/div>\n\t\t<\/div>\n\t\t\t\t\t\t<\/div>\n\t\t\t\t<\/div>\n\t\t\t\t\t<\/div>\n\t\t\t\t<\/div>\n\t\t<div class=\"elementor-element elementor-element-1b8fe79 e-flex e-con-boxed e-con e-parent\" data-id=\"1b8fe79\" data-element_type=\"container\">\n\t\t\t\t\t<div class=\"e-con-inner\">\n\t\t\t\t<div class=\"elementor-element elementor-element-642504f elementor-widget elementor-widget-heading\" data-id=\"642504f\" data-element_type=\"widget\" data-widget_type=\"heading.default\">\n\t\t\t\t<div class=\"elementor-widget-container\">\n\t\t\t\t\t<h2 class=\"elementor-heading-title elementor-size-default\">\u00c0 Propos du Fondateur<\/h2>\t\t\t\t<\/div>\n\t\t\t\t<\/div>\n\t\t\t\t<div class=\"elementor-element elementor-element-df858ab elementor-widget__width-initial elementor-widget-mobile__width-initial elementor-widget elementor-widget-image\" data-id=\"df858ab\" data-element_type=\"widget\" data-widget_type=\"image.default\">\n\t\t\t\t<div class=\"elementor-widget-container\">\n\t\t\t\t\t\t\t\t\t\t\t\t\t\t\t<img fetchpriority=\"high\" decoding=\"async\" width=\"960\" height=\"624\" src=\"https:\/\/s4p.org\/fr\/wp-content\/uploads\/2024\/05\/image1-2.jpg\" class=\"attachment-full size-full wp-image-270\" alt=\"\" srcset=\"https:\/\/s4p.org\/fr\/wp-content\/uploads\/2024\/05\/image1-2.jpg 960w, https:\/\/s4p.org\/fr\/wp-content\/uploads\/2024\/05\/image1-2-300x195.jpg 300w, https:\/\/s4p.org\/fr\/wp-content\/uploads\/2024\/05\/image1-2-768x499.jpg 768w\" sizes=\"(max-width: 960px) 100vw, 960px\" \/>\t\t\t\t\t\t\t\t\t\t\t\t\t\t\t<\/div>\n\t\t\t\t<\/div>\n\t\t\t\t\t<\/div>\n\t\t\t\t<\/div>\n\t\t<div class=\"elementor-element elementor-element-0f050ab e-flex e-con-boxed e-con e-parent\" data-id=\"0f050ab\" data-element_type=\"container\">\n\t\t\t\t\t<div class=\"e-con-inner\">\n\t\t\t\t<div class=\"elementor-element elementor-element-fc64fa7 elementor-widget elementor-widget-text-editor\" data-id=\"fc64fa7\" data-element_type=\"widget\" data-widget_type=\"text-editor.default\">\n\t\t\t\t<div class=\"elementor-widget-container\">\n\t\t\t\t\t\t\t\t\t<p>&#8211; Le fondateur de l&#8217;organisation, Ing\u00e9nieur Hassan Zumrawi Mohamed Osman, est n\u00e9 le 2 janvier 1970 dans la ville de Kerma, la ville historique du nord du Soudan, qui a \u00e9t\u00e9 fond\u00e9e en l&#8217;an 2500 avant la naissance du Christ (la paix soit avec lui).<\/p><p>&#8211; Il a d\u00e9m\u00e9nag\u00e9 avec sa famille en 1979 \u00e0 Omdurman, la capitale nationale du Soudan, apr\u00e8s avoir \u00e9tudi\u00e9 en premi\u00e8re et deuxi\u00e8me ann\u00e9es \u00e0 l&#8217;\u00e9cole primaire de Kerma.<\/p><p>&#8211; A termin\u00e9 l&#8217;\u00e9tude de la phase primaire \u00e0 l&#8217;\u00e9cole d&#8217;Abu Saad (b), et a obtenu son dipl\u00f4me en 1983 &#8211; et a \u00e9t\u00e9 le premier de l&#8217;\u00e9cole -.<\/p><p>&#8211; A \u00e9tudi\u00e9 le cycle moyen \u00e0 l&#8217;Ecole Mod\u00e8le Abu Kadouk ; ce qui a eu un grand impact sur la composition de sa personnalit\u00e9.<\/p><p>&#8211; A \u00e9tudi\u00e9 le cycle secondaire \u00e0 l&#8217;\u00e9cole de la conf\u00e9rence d&#8217;Omdurman, et a obtenu son dipl\u00f4me en 1989.<\/p><p>&#8211; A \u00e9tudi\u00e9 pendant deux mois-seulement &#8211; \u00e0 l&#8217;Universit\u00e9 de Khartoum \u00e0 la Facult\u00e9 des Sciences (D\u00e9partement de Math\u00e9matiques).<\/p><p>&#8211; et puis il a eu l&#8217;opportunit\u00e9 de voyager aux Etats-Unis d&#8217;Am\u00e9rique ; pour rejoindre ses deux grands fr\u00e8res : L&#8217;ing\u00e9nieur Omar Zumrawi &#8211; Ministre des Transports de l&#8217;Etat de l&#8217;Illinois aujourd&#8217;hui &#8211; et le Dr. Ali Zumrawi &#8211; Directeur de l&#8217;h\u00f4pital de la ville de Beaumont, Texas.<\/p><p>&#8211; L&#8217;ing\u00e9nieur Hassan s&#8217;est rendu en Am\u00e9rique pour \u00e9tudier le g\u00e9nie civil \u00e0 l&#8217;Universit\u00e9 du Sud &#8211; situ\u00e9 sur les rives du fleuve Mississippi Dreamer \u00e0 Baton Rouge, en Louisiane.<\/p><p>&#8211; Dipl\u00f4m\u00e9 de l&#8217;Universit\u00e9 du Sud en 1997: deuxi\u00e8me place sur les \u00e9tudiants en g\u00e9nie civil, et sixi\u00e8me place sur les \u00e9tudiants en g\u00e9nie dans divers d\u00e9partements.<\/p><p>&#8211; A travaill\u00e9 comme ing\u00e9nieur civil dans le domaine de l&#8217;ing\u00e9nierie routi\u00e8re dans les \u00c9tats du Missouri et de l&#8217;Illinois entre 1997 et 2008 (1418 \u00e0 1429 AH).<\/p><p>&#8211; A travaill\u00e9 comme ing\u00e9nieur civil avec Zuhair Fayez et sa soci\u00e9t\u00e9 en tant que directeur du projet de soutien technique du Secr\u00e9tariat de la Capitale Sainte en 2009 (1429 Hijri).<\/p><p>&#8211; Puis il a travaill\u00e9 comme ing\u00e9nieur civil avec Zuhair Fayez et sa soci\u00e9t\u00e9 charg\u00e9e des \u00e9tudes pr\u00e9liminaires des projets int\u00e9gr\u00e9s des municipalit\u00e9s de la r\u00e9gion de M\u00e9dine en 2010 (1431 H).<\/p><p>&#8211; Puis il a travaill\u00e9 comme ing\u00e9nieur civil en tant que chef de projet chez Gulf Engineering and Industrial Consulting Company \u00e0 Doha, Qatar en 2012\/2011 (1433\/1432 Hijri).<\/p><p>Il est retourn\u00e9 en Am\u00e9rique et a travaill\u00e9 comme ing\u00e9nieur civil \u00e0 Michael Baker International \u00e0 Chicago.<\/p><p>&#8211; Puis a d\u00e9missionn\u00e9 de Michael Baker et s&#8217;est consacr\u00e9 \u00e0 la demande de travaux de m\u00e9decine l\u00e9gale et de plaidoyer et de secours.<\/p><p>\u00a0<\/p><p><strong>Activit\u00e9s :<\/strong><\/p><ul><li>Journ\u00e9es universitaires :<\/li><\/ul><p>&#8211; Membre de la Soci\u00e9t\u00e9 Am\u00e9ricaine des Ing\u00e9nieurs Civils.<\/p><p>&#8211; Membre de l&#8217;Union des Etudiants de l&#8217;Universit\u00e9 du Sud, Louisiane-repr\u00e9sentant les \u00e9tudiants \u00e9trangers.<\/p><p>&#8211; Secr\u00e9taire D&#8217;excellence Acad\u00e9mique de l&#8217;Association des Ing\u00e9nieurs de l&#8217;Universit\u00e9 des Ing\u00e9nieurs Noirs.<\/p><p>&#8211; Membre de l&#8217;Association des \u00c9tudiants Africains de l&#8217;Universit\u00e9.<\/p><ul><li>Apr\u00e8s avoir obtenu son dipl\u00f4me :<\/li><\/ul><p>&#8211; Fondateur et Pr\u00e9sident de l&#8217;Organisation des Dipl\u00f4m\u00e9s du Coll\u00e8ge AbuKadouk \u00e0 Omdurman &#8211; Soudan depuis 2005.<\/p><p>&#8211; Repr\u00e9sentant de la Soci\u00e9t\u00e9 des Amis des patients r\u00e9naux \u00e0 Peoria, Illinois.<\/p><p>&#8211; Membre de l&#8217;Association des Dipl\u00f4m\u00e9s de l&#8217;Ecole primaire Abu Sead \u00e0 Omdurman &#8211; Soudan.<\/p><p>&#8211; Membre de l&#8217;association des Dipl\u00f4m\u00e9s du Lyc\u00e9e Almoutamar \u00e0 Omdurman &#8211; Soudan.<\/p><p>&#8211; Membre de la Soci\u00e9t\u00e9 Islamique d&#8217;Am\u00e9rique du Nord, qui est le plus grand rassemblement de Musulmans de diverses d\u00e9nominations en Am\u00e9rique du Nord.<\/p><p>&#8211; Membre de l&#8217;Assembl\u00e9e G\u00e9n\u00e9rale de l&#8217;Organisation Caritative Sadagat Basma au Soudan.<\/p><p>&#8211; Membre de l&#8217;Association des Ing\u00e9nieurs et Architectes Arabes Am\u00e9ricains.<\/p><p>&#8211; A particip\u00e9 en tant qu&#8217;Imam \u00e0 temps partiel \u00e0 la mosqu\u00e9e Dar Al-Hijra, Chicago, \u00c9tats-Unis.<\/p><p>&#8211; Conseiller de l&#8217;organisation Kids 4 Kids pour aider les enfants sans abri au Soudan, une id\u00e9e de mon fils a\u00een\u00e9 Mustafa.<\/p>\t\t\t\t\t\t\t\t<\/div>\n\t\t\t\t<\/div>\n\t\t\t\t\t<\/div>\n\t\t\t\t<\/div>\n\t\t\t\t<\/div>\n\t\t","protected":false},"excerpt":{"rendered":"<p>\u00c0 Propos du Fondateur &#8211; Le fondateur de l&#8217;organisation, Ing\u00e9nieur Hassan Zumrawi Mohamed Osman, est n\u00e9 le 2 janvier 1970&#8230;<\/p>\n","protected":false},"author":1,"featured_media":0,"parent":0,"menu_order":0,"comment_status":"closed","ping_status":"closed","template":"elementor_header_footer","meta":{"give_campaign_id":0,"site-sidebar-layout":"no-sidebar","site-content-layout":"","ast-site-content-layout":"full-width-container","site-content-style":"default","site-sidebar-style":"default","ast-global-header-display":"","ast-banner-title-visibility":"","ast-main-header-display":"","ast-hfb-above-header-display":"","ast-hfb-below-header-display":"","ast-hfb-mobile-header-display":"","site-post-title":"disabled","ast-breadcrumbs-content":"","ast-featured-img":"disabled","footer-sml-layout":"","theme-transparent-header-meta":"","adv-header-id-meta":"","stick-header-meta":"","header-above-stick-meta":"","header-main-stick-meta":"","header-below-stick-meta":"","astra-migrate-meta-layouts":"default","ast-page-background-enabled":"default","ast-page-background-meta":{"desktop":{"background-color":"var(--ast-global-color-4)","background-image":"","background-repeat":"repeat","background-position":"center center","background-size":"auto","background-attachment":"scroll","background-type":"","background-media":"","overlay-type":"","overlay-color":"","overlay-opacity":"","overlay-gradient":""},"tablet":{"background-color":"","background-image":"","background-repeat":"repeat","background-position":"center center","background-size":"auto","background-attachment":"scroll","background-type":"","background-media":"","overlay-type":"","overlay-color":"","overlay-opacity":"","overlay-gradient":""},"mobile":{"background-color":"","background-image":"","background-repeat":"repeat","background-position":"center center","background-size":"auto","background-attachment":"scroll","background-type":"","background-media":"","overlay-type":"","overlay-color":"","overlay-opacity":"","overlay-gradient":""}},"ast-content-background-meta":{"desktop":{"background-color":"var(--ast-global-color-5)","background-image":"","background-repeat":"repeat","background-position":"center center","background-size":"auto","background-attachment":"scroll","background-type":"","background-media":"","overlay-type":"","overlay-color":"","overlay-opacity":"","overlay-gradient":""},"tablet":{"background-color":"var(--ast-global-color-5)","background-image":"","background-repeat":"repeat","background-position":"center center","background-size":"auto","background-attachment":"scroll","background-type":"","background-media":"","overlay-type":"","overlay-color":"","overlay-opacity":"","overlay-gradient":""},"mobile":{"background-color":"var(--ast-global-color-5)","background-image":"","background-repeat":"repeat","background-position":"center center","background-size":"auto","background-attachment":"scroll","background-type":"","background-media":"","overlay-type":"","overlay-color":"","overlay-opacity":"","overlay-gradient":""}},"footnotes":""},"class_list":["post-268","page","type-page","status-publish","hentry"],"campaignId":"","_links":{"self":[{"href":"https:\/\/s4p.org\/fr\/wp-json\/wp\/v2\/pages\/268","targetHints":{"allow":["GET"]}}],"collection":[{"href":"https:\/\/s4p.org\/fr\/wp-json\/wp\/v2\/pages"}],"about":[{"href":"https:\/\/s4p.org\/fr\/wp-json\/wp\/v2\/types\/page"}],"author":[{"embeddable":true,"href":"https:\/\/s4p.org\/fr\/wp-json\/wp\/v2\/users\/1"}],"replies":[{"embeddable":true,"href":"https:\/\/s4p.org\/fr\/wp-json\/wp\/v2\/comments?post=268"}],"version-history":[{"count":11,"href":"https:\/\/s4p.org\/fr\/wp-json\/wp\/v2\/pages\/268\/revisions"}],"predecessor-version":[{"id":1365,"href":"https:\/\/s4p.org\/fr\/wp-json\/wp\/v2\/pages\/268\/revisions\/1365"}],"wp:attachment":[{"href":"https:\/\/s4p.org\/fr\/wp-json\/wp\/v2\/media?parent=268"}],"curies":[{"name":"wp","href":"https:\/\/api.w.org\/{rel}","templated":true}]}}