{"id":284,"date":"2024-05-18T13:22:51","date_gmt":"2024-05-18T13:22:51","guid":{"rendered":"https:\/\/s4p.org\/fr\/?page_id=284"},"modified":"2024-06-10T20:24:07","modified_gmt":"2024-06-10T20:24:07","slug":"notre-modele-de-reference","status":"publish","type":"page","link":"https:\/\/s4p.org\/fr\/notre-modele-de-reference\/","title":{"rendered":"Notre Mod\u00e8le de R\u00e9f\u00e9rence"},"content":{"rendered":"\t\t<div data-elementor-type=\"wp-page\" data-elementor-id=\"284\" class=\"elementor elementor-284\">\n\t\t\t\t<div class=\"elementor-element elementor-element-4c2086e e-flex e-con-boxed e-con e-parent\" data-id=\"4c2086e\" data-element_type=\"container\">\n\t\t\t\t\t<div class=\"e-con-inner\">\n\t\t\t\t<div class=\"elementor-element elementor-element-83f08a9 elementor-widget elementor-widget-spacer\" data-id=\"83f08a9\" data-element_type=\"widget\" data-widget_type=\"spacer.default\">\n\t\t\t\t<div class=\"elementor-widget-container\">\n\t\t\t\t\t\t\t<div class=\"elementor-spacer\">\n\t\t\t<div class=\"elementor-spacer-inner\"><\/div>\n\t\t<\/div>\n\t\t\t\t\t\t<\/div>\n\t\t\t\t<\/div>\n\t\t\t\t\t<\/div>\n\t\t\t\t<\/div>\n\t\t<div class=\"elementor-element elementor-element-1b8fe79 e-flex e-con-boxed e-con e-parent\" data-id=\"1b8fe79\" data-element_type=\"container\">\n\t\t\t\t\t<div class=\"e-con-inner\">\n\t\t\t\t<div class=\"elementor-element elementor-element-642504f elementor-widget elementor-widget-heading\" data-id=\"642504f\" data-element_type=\"widget\" data-widget_type=\"heading.default\">\n\t\t\t\t<div class=\"elementor-widget-container\">\n\t\t\t\t\t<h2 class=\"elementor-heading-title elementor-size-default\">Our Role Model\n<\/h2>\t\t\t\t<\/div>\n\t\t\t\t<\/div>\n\t\t\t\t<div class=\"elementor-element elementor-element-df858ab elementor-widget__width-initial elementor-widget elementor-widget-image\" data-id=\"df858ab\" data-element_type=\"widget\" data-widget_type=\"image.default\">\n\t\t\t\t<div class=\"elementor-widget-container\">\n\t\t\t\t\t\t\t\t\t\t\t\t\t\t\t<img fetchpriority=\"high\" decoding=\"async\" width=\"397\" height=\"298\" src=\"https:\/\/s4p.org\/fr\/wp-content\/uploads\/2024\/05\/image1-1-1.jpg\" class=\"attachment-full size-full wp-image-286\" alt=\"\" srcset=\"https:\/\/s4p.org\/fr\/wp-content\/uploads\/2024\/05\/image1-1-1.jpg 397w, https:\/\/s4p.org\/fr\/wp-content\/uploads\/2024\/05\/image1-1-1-300x225.jpg 300w\" sizes=\"(max-width: 397px) 100vw, 397px\" \/>\t\t\t\t\t\t\t\t\t\t\t\t\t\t\t<\/div>\n\t\t\t\t<\/div>\n\t\t\t\t\t<\/div>\n\t\t\t\t<\/div>\n\t\t<div class=\"elementor-element elementor-element-0f050ab e-flex e-con-boxed e-con e-parent\" data-id=\"0f050ab\" data-element_type=\"container\">\n\t\t\t\t\t<div class=\"e-con-inner\">\n\t\t\t\t<div class=\"elementor-element elementor-element-fc64fa7 elementor-widget elementor-widget-text-editor\" data-id=\"fc64fa7\" data-element_type=\"widget\" data-widget_type=\"text-editor.default\">\n\t\t\t\t<div class=\"elementor-widget-container\">\n\t\t\t\t\t\t\t\t\t<p><strong>Dr Abdelrahman Alsumait\u2026 L\u2019homme qui p\u00e8se une nation :<\/strong><\/p><p>Il existe de nombreux mod\u00e8les dans le domaine de la Da&#8217;awa et de l&#8217;aide humanitaire, le premier d&#8217;entre eux \u00e9tant le meilleur de l&#8217;humanit\u00e9, notre bien-aim\u00e9 proph\u00e8te Muhammad, que la paix soit avec lui, puis ses compagnons, qu&#8217;Allah soit satisfait d&#8217;eux, qui ont rempli le monde de justice et de lumi\u00e8re. Toutefois, en ce qui concerne les mod\u00e8les de l&#8217;\u00e9poque actuelle, nous, au sein de l&#8217;organisation Shabab 4 Peace, avons \u00e9t\u00e9 davantage touch\u00e9s par &#8220;le serviteur des pauvres d&#8217;Afrique&#8221;, le Dr Abdul Rahman Al-Sumait, le Kowe\u00eftien, qu&#8217;Allah lui fasse mis\u00e9ricorde.<\/p><p><strong>Qui est le Dr Abdul rahman Al-Sumait ?<\/strong><\/p><p>Al-Sumait \u00e9tait un pionnier de la mission pionni\u00e8re de Da&#8217;awa et du travail de secours en Afrique et ceux qui envoient un esprit de vigueur et de travail et de pers\u00e9v\u00e9rance, il est un homme qui a grav\u00e9 son nom sur le mur de l&#8217;\u00e9ternit\u00e9 et le mur de l&#8217;histoire, une figure \u00e9minente. Il n&#8217;y a aucun doute que ceux qui veulent \u00e9crire l&#8217;histoire de la Da&#8217;awa et du travail de secours en Afrique doivent \u00eatre interpell\u00e9s par la personnalit\u00e9 du Dr Abdul-Rahman Al-Sumait, qu&#8217;Allah lui fasse mis\u00e9ricorde comme un pionnier qui a march\u00e9 sur les \u00e9pines, a secou\u00e9 le pav\u00e9, a ouvert la voie dans les jungles d&#8217;Afrique et a frapp\u00e9 les plus belles paraboles face aux d\u00e9fis, c&#8217;est parce qu&#8217;il a pass\u00e9 pr\u00e8s de trente ans dans les jungles d&#8217;Afrique, secourant les pauvres, b\u00e2tissant des \u00e9coles, des h\u00f4pitaux et des universit\u00e9s et creusant des puits. Tout au long de sa vie, que ce soit en Afrique ou au Kowe\u00eft, il n&#8217;a pas connu de lieu de loisirs, mais son temps \u00e9tait surtout consacr\u00e9 aux pauvres, et c&#8217;est lui que les diff\u00e9rentes cha\u00eenes de t\u00e9l\u00e9vision se sont empress\u00e9es d&#8217;interviewer.<\/p><p><strong>Son enfance:<\/strong><\/p><p>Abdul Rahman Al-Sumait est le troisi\u00e8me fils de sa famille. Depuis son enfance, il \u00e9tait calme, glorieux et distingu\u00e9 dans son \u00e9tude et tout \u00e0 fait personne et a maintenu ses pri\u00e8res, en particulier la pri\u00e8re de Fajur.<\/p><p>Les habitants du quartier lui ont donn\u00e9 le titre de &#8220;Mutawa&#8221;. Depuis l&#8217;\u00e2ge de cinq ans, il \u00e9tait dans une imagination permanente et l&#8217;a con\u00e7u dans les for\u00eats d&#8217;Afrique, Il avait aussi un b\u00e2ton qu&#8217;il mettait \u00e0 c\u00f4t\u00e9 de lui comme le genre de b\u00e2tons qui sert \u00e0 chasser les serpents. Depuis le coll\u00e8ge et le lyc\u00e9e, il est membre de l&#8217;\u00e9quipe de scoutisme scolaire depuis sept ans. Sa formation chez les scouts a eu un r\u00f4le important dans sa vie en lui enseignant une vie d&#8217;autonomie et de patience qui l&#8217;a aid\u00e9 dans son voyage missionnaire en Afrique. \u00c0 l&#8217;\u00e9poque, il \u00e9crivait un article dans un hebdomadaire sur Scout.<\/p><p><br \/>Le c\u0153ur d&#8217;Al-Sumait \u00e9tait li\u00e9 au travail de charit\u00e9 d\u00e8s son plus jeune \u00e2ge. Il racontait que lorsqu&#8217;il \u00e9tait au lyc\u00e9e, lui et ses amis ont collect\u00e9 de l&#8217;argent et achet\u00e9 une voiture pour transporter les travailleurs expatri\u00e9s qui attendaient les transports publics sous le soleil br\u00fblant du Kowe\u00eft et sans frais.<\/p><p><strong>Son \u00c9ducation:<\/strong><\/p><p>Al-Sumait aimait lire depuis son plus jeune \u00e2ge et \u00e9tait tellement passionn\u00e9 par cela que son p\u00e8re l&#8217;a menac\u00e9 plus d&#8217;une fois de ne pas l&#8217;emmener au march\u00e9 car s&#8217;il voyait un journal couch\u00e9 par terre, il courait le chercher et le lisait en marchant.<\/p><p>Al-Sumait a obtenu son dipl\u00f4me d&#8217;\u00e9tudes secondaires en 1963 et a demand\u00e9 \u00e0 s&#8217;inscrire pour \u00e9tudier la m\u00e9decine en \u00c9gypte et aux \u00c9tats-Unis d&#8217;Am\u00e9rique et il a \u00e9t\u00e9 accept\u00e9 dans les deux pays. Lorsqu&#8217;il a entendu des \u00e9tudiants dire qu&#8217;\u00e9tudier la m\u00e9decine \u00e0 l&#8217;Universit\u00e9 de Bagdad en Irak \u00e9tait tr\u00e8s difficile, il a chang\u00e9 de destination pour Bagdad, et lorsqu&#8217;on lui a demand\u00e9 pourquoi il avait chang\u00e9 de direction pour Bagdad, il a d\u00e9clar\u00e9: &#8220;J&#8217;ai entendu dire qu&#8217;il \u00e9tait difficile d&#8217;\u00e9tudier et j&#8217;accepte le d\u00e9fi.&#8221;<\/p><p><strong>Son travail:<\/strong><\/p><p>Apr\u00e8s que le Dr Al-Sumait ait termin\u00e9 ses ann\u00e9es de sp\u00e9cialisation \u00e0 l&#8217;Universit\u00e9 de Miguel, il a occup\u00e9 les emplois suivants :<\/p><ul><li>Il est all\u00e9 \u00e0 Londres, la capitale du Royaume-Uni et a travaill\u00e9 comme m\u00e9decin sp\u00e9cialiste au Queen&#8217;s College Hospital de Londres en 1979 et 1980.<\/li><li>Il a travaill\u00e9 comme gastro-ent\u00e9rologue \u00e0 l&#8217;h\u00f4pital Al-Sabah au Kowe\u00eft entre 1980 et 1983.<\/li><li>Depuis 1983, il a consacr\u00e9 sa vie \u00e0 des \u0153uvres caritatives et a cr\u00e9\u00e9 la Direct Aid Society en tant que Secr\u00e9taire G\u00e9n\u00e9ral et Pr\u00e9sident du Conseil D&#8217;administration jusqu&#8217;en 2008.<\/li><li>Il a ensuite \u00e9t\u00e9 Directeur du Centre de Recherche et D&#8217;\u00e9tudes Caritatives au Kowe\u00eft.<\/li><\/ul><p><strong><u>Son travail de Da&#8217;wa et de secours en Afrique:<\/u><\/strong><\/p><p>Apr\u00e8s le retour d&#8217;Al-Sumait et de sa femme au Kowe\u00eft apr\u00e8s son voyage d&#8217;\u00e9tudes en Angleterre et au Canada, sa vertueuse \u00e9pouse (Um Suhaib) leur a sugg\u00e9r\u00e9 de quitter la vie de luxe au Kowe\u00eft et d&#8217;aller en Asie de l&#8217;Est pour travailler dans le domaine de Da&#8217;awa et de la propagation de l&#8217;Islam. Le Dr Al-Sumait \u00e9tait convaincu qu&#8217;il \u00e9tait all\u00e9 au Minist\u00e8re kowe\u00eftien des Affaires islamiques pour l&#8217;aider \u00e0 atteindre son objectif, mais la bureaucratie des gouvernements a presque tu\u00e9 son enthousiasme s&#8217;il n&#8217;avait pas rencontr\u00e9 l&#8217;\u00e9pouse du roi du Kowe\u00eft \u00e0 l&#8217;\u00e9poque \u2013 Le roi Jaber Al-Ahmad Al-Sabah -, qu&#8217;Allah ait piti\u00e9 de lui. La femme a donn\u00e9 de l&#8217;argent au Dr. Al-Sumait pour construire une mosqu\u00e9e \u00e0 son nom en Afrique. Il s&#8217;est ensuite rendu au Malawi pour construire la mosqu\u00e9e, mais a d\u00e9couvert que la situation l\u00e0-bas n\u00e9cessitait plus d&#8217;une mosqu\u00e9e, car les imams des mosqu\u00e9es eux-m\u00eames ne peuvent pas lire correctement le chapitre d&#8217;Al-Fatiha sans parler des musulmans ordinaires et a constat\u00e9 que la plupart des Africains ne connaissent de l&#8217;Islam que des mythes et ils sont vuln\u00e9rables \u00e0 la christianisation, en particulier leurs enfants.<\/p><p>Le d\u00e9but de l&#8217;Al-Sumait \u00e9tait difficile comme d&#8217;habitude dans tout nouveau travail dans lequel les d\u00e9fis, les difficult\u00e9s et les portes ferm\u00e9es, il errait parmi les gens et a recueilli dans les trois premiers mois seulement mille dollars. Au d\u00e9part, il \u00e9tait d\u00e9courag\u00e9 mais il n&#8217;a pas abandonn\u00e9, il a plut\u00f4t chang\u00e9 de strat\u00e9gie. Il a arr\u00eat\u00e9 de s&#8217;adresser aux riches et aux gens ais\u00e9s pour s&#8217;adresser \u00e0 la classe moyenne, en particulier au secteur des femmes qui se tenaient \u00e0 ses c\u00f4t\u00e9s, notamment sa vertueuse \u00e9pouse (Umm Suhaib), qui a fait don de tout son h\u00e9ritage au profit de la Da&#8217;awa et du travail de secours en Afrique. L&#8217;un des secrets de la r\u00e9ussite d&#8217;Al-Sumait est le soutien de sa femme \u00e0 son \u00e9gard et c&#8217;est l&#8217;une des interactions de la r\u00e9ussite et des m\u00e9langes magiques o\u00f9 la r\u00e9ussite collective et o\u00f9 l&#8217;int\u00e9gration ont lieu.<\/p><p>Al-Sumait s&#8217;est rendu en Afrique, construisant des \u00e9coles, des mosqu\u00e9es et des h\u00f4pitaux et parrainant des orphelins et des enseignants. Au moment o\u00f9 Al-Sumait a quitt\u00e9 la vie de luxe du Kowe\u00eft pour se rendre en Afrique, il savait tr\u00e8s bien qu&#8217;il allait devoir faire face \u00e0 de grands dangers. Son corps physique s&#8217;est \u00e9paissi par les maladies de la pression art\u00e9rielle, le diab\u00e8te et les accidents vasculaires c\u00e9r\u00e9braux, et son arme qui a r\u00e9gl\u00e9 ses batailles pour l&#8217;amour d&#8217;Allah et les vuln\u00e9rables et les pauvres \u00e9taient des versets du Coran qui se sont install\u00e9s dans son c\u0153ur, et parce qu&#8217;il \u00e9tait un homme de grande vigueur et des objectifs nobles a facilit\u00e9 les chances et pr\u00eachait l&#8217;importance de l&#8217;\u00e9ducation et a commenc\u00e9 \u00e0 travailler \u00e0 partir de sa philosophie, qui dit :<\/p><p><br \/><strong>\u201cL&#8217;\u00e9ducation est un don d&#8217;Allah tout comme nous avons donn\u00e9 de l&#8217;oxyg\u00e8ne \u00e0 respirer, de l&#8217;argent \u00e0 d\u00e9penser et de la nourriture \u00e0 manger. Donc l&#8217;\u00e9ducation est un droit divin pour chaque musulman ou non musulman partout, en particulier en Afrique\u201d<\/strong><\/p><p>Il avait ce qu&#8217;il voulait, alors il a visit\u00e9 les pays africains et construit des \u00e9coles et a attir\u00e9 les \u00e9tudiants et les meilleurs professeurs. Si Cheikh Babiker Badri, qu&#8217;Allah ait piti\u00e9 de lui, a \u00e9t\u00e9 le pionnier de l&#8217;\u00e9ducation au Soudan, le Dr Al-Sumait, qu&#8217;Allah ait piti\u00e9 de lui, a \u00e9t\u00e9 le pionnier de l&#8217;\u00e9ducation dans toute l&#8217;Afrique.<\/p><p>Al-Sumait, qu&#8217;Allah lui accorde sa mis\u00e9ricorde, tout au long de son voyage en Afrique, a r\u00e9pandu la religion d&#8217;Allah et n&#8217;a pas m\u00e9nag\u00e9 ses efforts pour le faire, et a une fois pataug\u00e9 dans un mar\u00e9cage \u00e0 Madagascar pendant quatre heures pour atteindre une ville des tribus d&#8217;Antimor appel\u00e9e Makkah. Certaines tribus dont les origines \u00e9taient islamiques sont revenues \u00e0 l&#8217;islam gr\u00e2ce \u00e0 l&#8217;aide d&#8217;Allah, puis \u00e0 ses efforts et \u00e0 ceux de son \u00e9quipe ambitieuse. Ces tribus \u00e9taient musulmanes, mais elles ont oubli\u00e9 l&#8217;Islam en raison du manque de pr\u00e9dicateurs musulmans, comme : la tribu de Ghabra au nord du Kenya et la tribu Buran au sud de l&#8217;Ethiopie et au nord du Kenya et les tribus Antimor et certaines des tribus Scalava \u00e0 Madagascar et la tribu Varmba au sud du Zimbabwe.<\/p><p>Al-Sumait (qu&#8217;Allah lui accorde sa mis\u00e9ricorde) \u00e9tait un mod\u00e8le rare, il \u00e9tait caract\u00e9ris\u00e9 par une d\u00e9termination inimaginable et une patience rare. Lorsqu&#8217;on lui demanda quand il arr\u00eatera de voyager en Afrique pour l&#8217;amour d&#8217;Allah, il r\u00e9pondit : (Je jetterai le b\u00e2ton du voyage quand vous me garantirez le paradis, et tant que personne ne pourra me garantir le paradis, il n&#8217;y aura pas d&#8217;\u00e9chappatoire au travail jusqu&#8217;\u00e0 la mort).<\/p><p>Al-Sumait, qu&#8217;Allah lui accorde sa mis\u00e9ricorde, \u00e9tait un \u00e9ducateur unique qui a \u00e9lev\u00e9 ses enfants dans l&#8217;amour de la charit\u00e9 et il les a emmen\u00e9s avec lui en Afrique pendant leurs vacances scolaires et les a encourag\u00e9s \u00e0 le faire. Il a m\u00eame une fois emmen\u00e9 sa petite-fille de 13 ans avec lui en Afrique pour appeler la voie d&#8217;Allah comme un prix pour son excellence dans ses \u00e9tudes.<\/p><p><br \/><strong>Ses r\u00e9alisations :<\/strong><\/p><p>Al-Sumait a consacr\u00e9 sa vie \u00e0 la pr\u00e9dication de l&#8217;Islam et aux \u0153uvres de charit\u00e9 en Afrique pendant trente ans.<\/p><p>Cette longue lutte a donn\u00e9 de formidables r\u00e9sultats et de grandes r\u00e9alisations. Voici quelques-unes des r\u00e9alisations de son organisation \u2013 Direct Aid Society &#8211; en date d&#8217;Octobre 2018 :<\/p><p><br \/>&#8211;\u00a0\u00a0 11 millions d&#8217;Africains ont rejoint l&#8217;Islam<\/p><ul><li>2 410 puits ont \u00e9t\u00e9 creus\u00e9s dans plusieurs villages africains.<\/li><li>283 \u00e9coles ont \u00e9t\u00e9 b\u00e2ties.<\/li><li>5 universit\u00e9s \u00e0 plein temps ont \u00e9t\u00e9 b\u00e2ties.<\/li><li>21385 orphelins ont \u00e9t\u00e9 parrain\u00e9s.<\/li><li>Plus de 5000 projets en cours de r\u00e9alisation.<\/li><li>Plus de 30 millions de publications islamiques ont \u00e9t\u00e9 distribu\u00e9es.<\/li><li>90 h\u00f4pitaux ont \u00e9t\u00e9 b\u00e2tis.<\/li><li>Parrainage de pr\u00e8s de 2000 enseignants.<\/li><li>10 stations de radio islamiques ont \u00e9t\u00e9 install\u00e9es.<\/li><li>Trois barrages ont \u00e9t\u00e9 construits pour fournir de l&#8217;eau.<\/li><li>550 000 tonnes de marchandises ont \u00e9t\u00e9 distribu\u00e9es aux populations d\u00e9munies.<\/li><li>Jusqu&#8217;\u00e0 pr\u00e9sent, 150 millions de dinars kowe\u00eftiens (494 millions de dollars) ont \u00e9t\u00e9 d\u00e9pens\u00e9s en biens et m\u00e9dicaments pour les Africains pauvres.<\/li><\/ul><p>En raison des grands efforts d&#8217;Al-Sumait dans le domaine de la Da&#8217;wa pour cette voie d&#8217;Allah dans les jungles de l&#8217;Afrique et pour ses efforts de charit\u00e9, il a \u00e9t\u00e9 respect\u00e9 par tous et a re\u00e7u un certain nombre d&#8217;honneurs, de r\u00e9compenses et de certificats d&#8217;appr\u00e9ciation de nombreuses institutions islamiques et gouvernementales, entre autres le prix International du roi Faisal pour le service de l&#8217;Islam et des musulmans en 1996, et la valeur de 750 mille riyals, qui a \u00e9t\u00e9 donn\u00e9e pour \u00eatre le noyau de la dotation \u00e9ducative des fils de l&#8217;Afrique. Quand le Dr Al-Sumait \u00e9tait atteint de nombreuses maladies, il avait plus de 60 ans et \u00e9tait cens\u00e9 aller se reposer apr\u00e8s trente ans de lutte acharn\u00e9e. Mais il a entam\u00e9 un nouveau voyage, le voyage de la documentation pour les ann\u00e9es de Da&#8217;wa et de travail de secours en Afrique et il a \u00e9tabli le Centre D&#8217;\u00e9tudes du Travail de Charit\u00e9, et les r\u00e9sultats de la phase de documentation a \u00e9t\u00e9 les livres suivants :<\/p><ul><li>Pour Beck Africa.<\/li><li>Une larme sur l&#8217;Afrique.<\/li><li>Un voyage du bien en Afrique (une lettre \u00e0 mon fils).<\/li><li>Arabes et musulmans \u00e0 Madagascar.<\/li><li>Caract\u00e9ristiques de la Christianisation &#8211; \u00c9tude scientifique.<\/li><li>Gestion de crise pour les employ\u00e9s d&#8217;organisations Islamiques.<\/li><li>Guide pour la gestion des centres de secours.<\/li><li>S\u00e9curit\u00e9 et \u00e9vacuation dans les zones de conflit.<\/li><li>Tribus Bouranes &#8211; l&#8217;une des tribus du Kenya.<\/li><li>Mujikanda &#8211; un groupe de tribus kenyanes.<\/li><li>Dinka, la plus grande tribu du Sud-Soudan.<\/li><\/ul><p><br \/><strong>Enregistrement de sa Biographie:<\/strong><\/p><p>En raison de l&#8217;importance d&#8217;Al-Sumait, qu&#8217;Allah lui accorde sa mis\u00e9ricorde. De nombreuses cha\u00eenes de t\u00e9l\u00e9vision ont enregistr\u00e9 des interviews avec lui sur sa da&#8217;wa en Afrique. Ses grandes \u0153uvres ont \u00e9t\u00e9 \u00e9crites dans de multiples livres, dont les suivants :<\/p><p><strong><em>1- &#8220;Mon fr\u00e8re bien-aim\u00e9 Abdul Rahman Al-Sumait, flashs de sa biographie et de son plaidoyer pour l&#8217;Islam&#8221; : <\/em><\/strong><\/p><p>Ce livre a \u00e9t\u00e9 \u00e9crit par la s\u0153ur cadette d&#8217;Al-Sumait, Nouriya Hamoud Al-Sumait, et imprim\u00e9 par la soci\u00e9t\u00e9 Direct Aid Society \u00e9mise en 2014.Il a \u00e9t\u00e9 d\u00e9cid\u00e9 d&#8217;injecter les b\u00e9n\u00e9fices et les revenus du livre dans le produit de l&#8217;\u00e9ducation sur le continent africain.<\/p><p>La raison de l&#8217;\u00e9criture de ce livre est la maladie du Dr Al-Sumait qui l&#8217;a emp\u00each\u00e9 de quitter son lit.<\/p><p>\u00a0<\/p><p>Comme le travail de terrain devenait hors de port\u00e9e et que sa force physique se d\u00e9t\u00e9riorait, sa s\u0153ur Nouriya lui a demand\u00e9 d&#8217;\u00e9crire son exp\u00e9rience et ses opinions apr\u00e8s des ann\u00e9es d&#8217;exp\u00e9rience et l&#8217;exp\u00e9rience qu&#8217;il porte et de se consacrer au centre de recherche \u00e9tabli par Al-Sumait il y a d\u00e9j\u00e0 des ann\u00e9es. L&#8217;amour du Dr Al-Sumait et sa passion pour aider les pauvres en Afrique l&#8217;ayant emp\u00each\u00e9 d&#8217;\u00e9crire sa biographie sur son voyage en Afrique, elle a fait un effort personnel pour rassembler le mat\u00e9riel du livre et ses annexes et photos et superviser et imprimer un hommage \u00e0 l&#8217;esprit de son d\u00e9funt fr\u00e8re.<\/p><p>\u00a0<\/p><p><strong><em>2- &#8220;Un homme de l&#8217;\u00e9poque des compagnons du Proph\u00e8te Muhammad, la paix soit avec lui&#8221; :<\/em><\/strong><\/p><p>\u00a0<\/p><p>Ce livre est une recherche acad\u00e9mique et une th\u00e8se pour un master en sciences islamiques \u00e9crite et recherch\u00e9e et document\u00e9e par le Dr Rasmia Shamso du coll\u00e8ge Ouzai \u00e0 Beyrouth. Parmi les cours de ma\u00eetrise figurait la r\u00e9daction de recherches sur divers sujets islamiques et l&#8217;\u00e9vocation de personnalit\u00e9s islamiques. Le livre a \u00e9t\u00e9 publi\u00e9 par Dar Al-asma&#8217;a \u00e0 Damas en 2012.<\/p><p>\u00a0<\/p><p><strong><em>3- &#8220;Abdul Rahman Al-Sumait : La L\u00e9gende du Travail de Secours&#8221; :<\/em><\/strong><\/p><p>Ce livre est un livre documentaire d\u00e9taillant la biographie du Dr\/ Abdul Rahman Al-Sumait, le livre a parl\u00e9 de l&#8217;histoire de la vie du Dr Abdul Rahman Al-Sumait depuis son enfance jusqu&#8217;apr\u00e8s sa mort, dans le livre des ajouts de l&#8217;historien Abdul Aziz Al-Owaid plein d&#8217;histoires et de faits provenant de sources imprim\u00e9es et orales.<\/p><p><strong><u>Son D\u00e9c\u00e8s :<\/u><\/strong><\/p><p>Al-Sumait a continu\u00e9 \u00e0 travailler dans le domaine de la Da&#8217;wa et des secours en Afrique apr\u00e8s avoir vieilli et que le mouvement de ses pieds soit devenu difficile. Il a \u00e9t\u00e9 victime de trois accidents vasculaires c\u00e9r\u00e9braux, a souffert de diab\u00e8te et de douleurs aux pieds et au dos. Sa sant\u00e9 s&#8217;est d\u00e9t\u00e9rior\u00e9e \u00e0 la fin de sa vie et il a commenc\u00e9 \u00e0 souffrir d&#8217;une insuffisance r\u00e9nale. Le Dr Al-Sumait est d\u00e9c\u00e9d\u00e9 le Jeudi 15 Ao\u00fbt 2013 suite \u00e0 une longue lutte contre la maladie, car il ne se pr\u00e9occupait pas de lui-m\u00eame, mais toute sa pens\u00e9e \u00e9tait pour les personnes n\u00e9cessiteuses en Afrique, il leur a beaucoup donn\u00e9 et a fourni \u00e0 l&#8217;Afrique ce que les pays avec leurs budgets ne pouvaient pas fournir.<\/p><p>Une pareille biographie comme celle d&#8217;Al-Sumait vaut la peine d&#8217;\u00eatre enseign\u00e9e dans les \u00e9coles musulmanes pour les \u00e9tudiants ; peut-\u00eatre qu&#8217;une telle biographie qui est riche de grandes \u0153uvres stimulerait la jeunesse de la Da&#8217;wa \u00e0 cette \u00e9poque et ils sont le d\u00e9sert sur le chemin \u00e0 parcourir. L&#8217;histoire du Dr Al-Sumait, qu&#8217;Allah soit satisfait de lui, est une histoire de d\u00e9fi et d&#8217;intelligence, de patience et d&#8217;ambition, l&#8217;histoire d&#8217;une construction diligente qui cr\u00e9e \u00e0 partir de la poussi\u00e8re et des mat\u00e9riaux dispers\u00e9s un palais majestueux, une vue joyeuse, des coins fermes. Al-Sumait, qui prenait plus d&#8217;une douzaine de m\u00e9dicaments pour lutter contre de nombreuses maladies, \u00e9tait devenu un pionnier dans le chemin d&#8217;Allah et du travail de secours en Afrique. Par la perte du &#8220;Serviteur des pauvres d&#8217;Afrique&#8221;, nous avons perdu un grand homme. Il est devenu un pionnier de la Da&#8217;wa et du travail de secours en Afrique. Il est un flambeau et un encouragement pour la jeunesse Musulmane d&#8217;aujourd&#8217;hui \u00e0 suivre ses traces. Par la perte du &#8220;Serviteur des pauvres d&#8217;Afrique&#8221;, nous avons perdu un grand homme car il a v\u00e9ritablement pes\u00e9 une nation.<\/p><p>\u00a0<\/p><p>\u00a0<\/p><p>\u00a0<\/p><p>\u00a0<\/p><p>\u00a0<\/p><p>\u00a0<\/p><p>\u00a0<\/p><p>\u00a0<\/p><p>\u00a0<\/p><p>\u00a0<\/p><p>\u00a0<\/p>\t\t\t\t\t\t\t\t<\/div>\n\t\t\t\t<\/div>\n\t\t\t\t\t<\/div>\n\t\t\t\t<\/div>\n\t\t\t\t<\/div>\n\t\t","protected":false},"excerpt":{"rendered":"<p>Our Role Model Dr Abdelrahman Alsumait\u2026 L\u2019homme qui p\u00e8se une nation : Il existe de nombreux mod\u00e8les dans le domaine&#8230;<\/p>\n","protected":false},"author":1,"featured_media":0,"parent":0,"menu_order":0,"comment_status":"closed","ping_status":"closed","template":"elementor_header_footer","meta":{"give_campaign_id":0,"site-sidebar-layout":"no-sidebar","site-content-layout":"","ast-site-content-layout":"full-width-container","site-content-style":"default","site-sidebar-style":"default","ast-global-header-display":"","ast-banner-title-visibility":"","ast-main-header-display":"","ast-hfb-above-header-display":"","ast-hfb-below-header-display":"","ast-hfb-mobile-header-display":"","site-post-title":"disabled","ast-breadcrumbs-content":"","ast-featured-img":"disabled","footer-sml-layout":"","theme-transparent-header-meta":"","adv-header-id-meta":"","stick-header-meta":"","header-above-stick-meta":"","header-main-stick-meta":"","header-below-stick-meta":"","astra-migrate-meta-layouts":"default","ast-page-background-enabled":"default","ast-page-background-meta":{"desktop":{"background-color":"var(--ast-global-color-4)","background-image":"","background-repeat":"repeat","background-position":"center center","background-size":"auto","background-attachment":"scroll","background-type":"","background-media":"","overlay-type":"","overlay-color":"","overlay-opacity":"","overlay-gradient":""},"tablet":{"background-color":"","background-image":"","background-repeat":"repeat","background-position":"center center","background-size":"auto","background-attachment":"scroll","background-type":"","background-media":"","overlay-type":"","overlay-color":"","overlay-opacity":"","overlay-gradient":""},"mobile":{"background-color":"","background-image":"","background-repeat":"repeat","background-position":"center center","background-size":"auto","background-attachment":"scroll","background-type":"","background-media":"","overlay-type":"","overlay-color":"","overlay-opacity":"","overlay-gradient":""}},"ast-content-background-meta":{"desktop":{"background-color":"var(--ast-global-color-5)","background-image":"","background-repeat":"repeat","background-position":"center center","background-size":"auto","background-attachment":"scroll","background-type":"","background-media":"","overlay-type":"","overlay-color":"","overlay-opacity":"","overlay-gradient":""},"tablet":{"background-color":"var(--ast-global-color-5)","background-image":"","background-repeat":"repeat","background-position":"center center","background-size":"auto","background-attachment":"scroll","background-type":"","background-media":"","overlay-type":"","overlay-color":"","overlay-opacity":"","overlay-gradient":""},"mobile":{"background-color":"var(--ast-global-color-5)","background-image":"","background-repeat":"repeat","background-position":"center center","background-size":"auto","background-attachment":"scroll","background-type":"","background-media":"","overlay-type":"","overlay-color":"","overlay-opacity":"","overlay-gradient":""}},"footnotes":""},"class_list":["post-284","page","type-page","status-publish","hentry"],"campaignId":"","_links":{"self":[{"href":"https:\/\/s4p.org\/fr\/wp-json\/wp\/v2\/pages\/284","targetHints":{"allow":["GET"]}}],"collection":[{"href":"https:\/\/s4p.org\/fr\/wp-json\/wp\/v2\/pages"}],"about":[{"href":"https:\/\/s4p.org\/fr\/wp-json\/wp\/v2\/types\/page"}],"author":[{"embeddable":true,"href":"https:\/\/s4p.org\/fr\/wp-json\/wp\/v2\/users\/1"}],"replies":[{"embeddable":true,"href":"https:\/\/s4p.org\/fr\/wp-json\/wp\/v2\/comments?post=284"}],"version-history":[{"count":11,"href":"https:\/\/s4p.org\/fr\/wp-json\/wp\/v2\/pages\/284\/revisions"}],"predecessor-version":[{"id":1394,"href":"https:\/\/s4p.org\/fr\/wp-json\/wp\/v2\/pages\/284\/revisions\/1394"}],"wp:attachment":[{"href":"https:\/\/s4p.org\/fr\/wp-json\/wp\/v2\/media?parent=284"}],"curies":[{"name":"wp","href":"https:\/\/api.w.org\/{rel}","templated":true}]}}