{"id":407,"date":"2024-05-19T13:44:50","date_gmt":"2024-05-19T13:44:50","guid":{"rendered":"https:\/\/s4p.org\/fr\/?page_id=407"},"modified":"2024-06-10T20:18:16","modified_gmt":"2024-06-10T20:18:16","slug":"donation","status":"publish","type":"page","link":"https:\/\/s4p.org\/fr\/donation\/","title":{"rendered":"Des dons"},"content":{"rendered":"\t\t<div data-elementor-type=\"wp-page\" data-elementor-id=\"407\" class=\"elementor elementor-407\">\n\t\t\t\t<div class=\"elementor-element elementor-element-ba6df2c e-flex e-con-boxed e-con e-parent\" data-id=\"ba6df2c\" data-element_type=\"container\">\n\t\t\t\t\t<div class=\"e-con-inner\">\n\t\t\t\t<div class=\"elementor-element elementor-element-faa5c6e elementor-widget elementor-widget-heading\" data-id=\"faa5c6e\" data-element_type=\"widget\" data-widget_type=\"heading.default\">\n\t\t\t\t<div class=\"elementor-widget-container\">\n\t\t\t\t\t<h2 class=\"elementor-heading-title elementor-size-default\">Diff\u00e9rentes m\u00e9thodes de don<\/h2>\t\t\t\t<\/div>\n\t\t\t\t<\/div>\n\t\t\t\t\t<\/div>\n\t\t\t\t<\/div>\n\t\t<div class=\"elementor-element elementor-element-530ef1f e-flex e-con-boxed e-con e-parent\" data-id=\"530ef1f\" data-element_type=\"container\">\n\t\t\t\t\t<div class=\"e-con-inner\">\n\t\t<div class=\"elementor-element elementor-element-0633521 e-con-full e-flex e-con e-child\" data-id=\"0633521\" data-element_type=\"container\">\n\t\t\t\t<div class=\"elementor-element elementor-element-41ac0d1 elementor-widget elementor-widget-image\" data-id=\"41ac0d1\" data-element_type=\"widget\" data-widget_type=\"image.default\">\n\t\t\t\t<div class=\"elementor-widget-container\">\n\t\t\t\t\t\t\t\t\t\t\t\t\t\t\t<img fetchpriority=\"high\" decoding=\"async\" width=\"512\" height=\"512\" src=\"https:\/\/s4p.org\/fr\/wp-content\/uploads\/2024\/05\/browser.png\" class=\"attachment-large size-large wp-image-410\" alt=\"\" srcset=\"https:\/\/s4p.org\/fr\/wp-content\/uploads\/2024\/05\/browser.png 512w, https:\/\/s4p.org\/fr\/wp-content\/uploads\/2024\/05\/browser-300x300.png 300w, https:\/\/s4p.org\/fr\/wp-content\/uploads\/2024\/05\/browser-150x150.png 150w\" sizes=\"(max-width: 512px) 100vw, 512px\" \/>\t\t\t\t\t\t\t\t\t\t\t\t\t\t\t<\/div>\n\t\t\t\t<\/div>\n\t\t\t\t<\/div>\n\t\t<div class=\"elementor-element elementor-element-764ec44 e-con-full e-flex e-con e-child\" data-id=\"764ec44\" data-element_type=\"container\">\n\t\t\t\t<div class=\"elementor-element elementor-element-a4188b2 elementor-widget elementor-widget-heading\" data-id=\"a4188b2\" data-element_type=\"widget\" data-widget_type=\"heading.default\">\n\t\t\t\t<div class=\"elementor-widget-container\">\n\t\t\t\t\t<h2 class=\"elementor-heading-title elementor-size-default\">Faire un don via le site Web<\/h2>\t\t\t\t<\/div>\n\t\t\t\t<\/div>\n\t\t\t\t<div class=\"elementor-element elementor-element-b014e75 elementor-widget elementor-widget-text-editor\" data-id=\"b014e75\" data-element_type=\"widget\" data-widget_type=\"text-editor.default\">\n\t\t\t\t<div class=\"elementor-widget-container\">\n\t\t\t\t\t\t\t\t\t<p>Cliquez sur la page Projets pour parcourir nos nombreux projets de dons ! Effectuez facilement des paiements en ligne par carte de cr\u00e9dit et autres options de portefeuille en ligne.<\/p>\t\t\t\t\t\t\t\t<\/div>\n\t\t\t\t<\/div>\n\t\t\t\t<div class=\"elementor-element elementor-element-34a828b elementor-mobile-align-center elementor-widget elementor-widget-button\" data-id=\"34a828b\" data-element_type=\"widget\" data-widget_type=\"button.default\">\n\t\t\t\t<div class=\"elementor-widget-container\">\n\t\t\t\t\t\t\t\t\t<div class=\"elementor-button-wrapper\">\n\t\t\t\t\t<a class=\"elementor-button elementor-button-link elementor-size-sm\" href=\"#\">\n\t\t\t\t\t\t<span class=\"elementor-button-content-wrapper\">\n\t\t\t\t\t\t\t\t\t<span class=\"elementor-button-text\">faire un don maintenant<\/span>\n\t\t\t\t\t<\/span>\n\t\t\t\t\t<\/a>\n\t\t\t\t<\/div>\n\t\t\t\t\t\t\t\t<\/div>\n\t\t\t\t<\/div>\n\t\t\t\t<\/div>\n\t\t\t\t\t<\/div>\n\t\t\t\t<\/div>\n\t\t<div class=\"elementor-element elementor-element-aebe864 e-flex e-con-boxed e-con e-parent\" data-id=\"aebe864\" data-element_type=\"container\">\n\t\t\t\t\t<div class=\"e-con-inner\">\n\t\t\t\t<div class=\"elementor-element elementor-element-745438b elementor-widget-divider--view-line elementor-widget elementor-widget-divider\" data-id=\"745438b\" data-element_type=\"widget\" data-widget_type=\"divider.default\">\n\t\t\t\t<div class=\"elementor-widget-container\">\n\t\t\t\t\t\t\t<div class=\"elementor-divider\">\n\t\t\t<span class=\"elementor-divider-separator\">\n\t\t\t\t\t\t<\/span>\n\t\t<\/div>\n\t\t\t\t\t\t<\/div>\n\t\t\t\t<\/div>\n\t\t\t\t\t<\/div>\n\t\t\t\t<\/div>\n\t\t<div class=\"elementor-element elementor-element-7e51581 e-flex e-con-boxed e-con e-parent\" data-id=\"7e51581\" data-element_type=\"container\">\n\t\t\t\t\t<div class=\"e-con-inner\">\n\t\t<div class=\"elementor-element elementor-element-02b6164 e-con-full e-flex e-con e-child\" data-id=\"02b6164\" data-element_type=\"container\">\n\t\t\t\t<div class=\"elementor-element elementor-element-5811444 elementor-widget elementor-widget-image\" data-id=\"5811444\" data-element_type=\"widget\" data-widget_type=\"image.default\">\n\t\t\t\t<div class=\"elementor-widget-container\">\n\t\t\t\t\t\t\t\t\t\t\t\t\t\t\t<img decoding=\"async\" width=\"512\" height=\"512\" src=\"https:\/\/s4p.org\/fr\/wp-content\/uploads\/2024\/05\/calendar.png\" class=\"attachment-large size-large wp-image-411\" alt=\"\" srcset=\"https:\/\/s4p.org\/fr\/wp-content\/uploads\/2024\/05\/calendar.png 512w, https:\/\/s4p.org\/fr\/wp-content\/uploads\/2024\/05\/calendar-300x300.png 300w, https:\/\/s4p.org\/fr\/wp-content\/uploads\/2024\/05\/calendar-150x150.png 150w\" sizes=\"(max-width: 512px) 100vw, 512px\" \/>\t\t\t\t\t\t\t\t\t\t\t\t\t\t\t<\/div>\n\t\t\t\t<\/div>\n\t\t\t\t<\/div>\n\t\t<div class=\"elementor-element elementor-element-80b09bb e-con-full e-flex e-con e-child\" data-id=\"80b09bb\" data-element_type=\"container\">\n\t\t\t\t<div class=\"elementor-element elementor-element-4ff1932 elementor-widget elementor-widget-heading\" data-id=\"4ff1932\" data-element_type=\"widget\" data-widget_type=\"heading.default\">\n\t\t\t\t<div class=\"elementor-widget-container\">\n\t\t\t\t\t<h2 class=\"elementor-heading-title elementor-size-default\">Donner mensuellement<\/h2>\t\t\t\t<\/div>\n\t\t\t\t<\/div>\n\t\t\t\t<div class=\"elementor-element elementor-element-7885d36 elementor-widget elementor-widget-text-editor\" data-id=\"7885d36\" data-element_type=\"widget\" data-widget_type=\"text-editor.default\">\n\t\t\t\t<div class=\"elementor-widget-container\">\n\t\t\t\t\t\t\t\t\t<p>Abonnez-vous en tant que donateur mensuel automatique gr\u00e2ce \u00e0 nos campagnes. Votre soutien constant et fiable nous permet de garantir un soutien continu \u00e0 ceux qui en ont besoin.<\/p>\t\t\t\t\t\t\t\t<\/div>\n\t\t\t\t<\/div>\n\t\t\t\t<div class=\"elementor-element elementor-element-2544442 elementor-widget elementor-widget-button\" data-id=\"2544442\" data-element_type=\"widget\" data-widget_type=\"button.default\">\n\t\t\t\t<div class=\"elementor-widget-container\">\n\t\t\t\t\t\t\t\t\t<div class=\"elementor-button-wrapper\">\n\t\t\t\t\t<a class=\"elementor-button elementor-button-link elementor-size-sm\" href=\"#\">\n\t\t\t\t\t\t<span class=\"elementor-button-content-wrapper\">\n\t\t\t\t\t\t\t\t\t<span class=\"elementor-button-text\">faire un don maintenant<\/span>\n\t\t\t\t\t<\/span>\n\t\t\t\t\t<\/a>\n\t\t\t\t<\/div>\n\t\t\t\t\t\t\t\t<\/div>\n\t\t\t\t<\/div>\n\t\t\t\t<\/div>\n\t\t\t\t\t<\/div>\n\t\t\t\t<\/div>\n\t\t<div class=\"elementor-element elementor-element-1c45a0f e-flex e-con-boxed e-con e-parent\" data-id=\"1c45a0f\" data-element_type=\"container\">\n\t\t\t\t\t<div class=\"e-con-inner\">\n\t\t\t\t<div class=\"elementor-element elementor-element-5b25e00 elementor-widget-divider--view-line elementor-widget elementor-widget-divider\" data-id=\"5b25e00\" data-element_type=\"widget\" data-widget_type=\"divider.default\">\n\t\t\t\t<div class=\"elementor-widget-container\">\n\t\t\t\t\t\t\t<div class=\"elementor-divider\">\n\t\t\t<span class=\"elementor-divider-separator\">\n\t\t\t\t\t\t<\/span>\n\t\t<\/div>\n\t\t\t\t\t\t<\/div>\n\t\t\t\t<\/div>\n\t\t\t\t\t<\/div>\n\t\t\t\t<\/div>\n\t\t<div class=\"elementor-element elementor-element-9b98f07 e-flex e-con-boxed e-con e-parent\" data-id=\"9b98f07\" data-element_type=\"container\">\n\t\t\t\t\t<div class=\"e-con-inner\">\n\t\t<div class=\"elementor-element elementor-element-be87b8e e-con-full e-flex e-con e-child\" data-id=\"be87b8e\" data-element_type=\"container\">\n\t\t\t\t<div class=\"elementor-element elementor-element-2c409e1 elementor-widget elementor-widget-image\" data-id=\"2c409e1\" data-element_type=\"widget\" data-widget_type=\"image.default\">\n\t\t\t\t<div class=\"elementor-widget-container\">\n\t\t\t\t\t\t\t\t\t\t\t\t\t\t\t<img decoding=\"async\" width=\"512\" height=\"512\" src=\"https:\/\/s4p.org\/fr\/wp-content\/uploads\/2024\/05\/donation.png\" class=\"attachment-large size-large wp-image-412\" alt=\"\" srcset=\"https:\/\/s4p.org\/fr\/wp-content\/uploads\/2024\/05\/donation.png 512w, https:\/\/s4p.org\/fr\/wp-content\/uploads\/2024\/05\/donation-300x300.png 300w, https:\/\/s4p.org\/fr\/wp-content\/uploads\/2024\/05\/donation-150x150.png 150w\" sizes=\"(max-width: 512px) 100vw, 512px\" \/>\t\t\t\t\t\t\t\t\t\t\t\t\t\t\t<\/div>\n\t\t\t\t<\/div>\n\t\t\t\t<\/div>\n\t\t<div class=\"elementor-element elementor-element-ef16a01 e-con-full e-flex e-con e-child\" data-id=\"ef16a01\" data-element_type=\"container\">\n\t\t\t\t<div class=\"elementor-element elementor-element-cf28210 elementor-widget elementor-widget-heading\" data-id=\"cf28210\" data-element_type=\"widget\" data-widget_type=\"heading.default\">\n\t\t\t\t<div class=\"elementor-widget-container\">\n\t\t\t\t\t<h2 class=\"elementor-heading-title elementor-size-default\">Faire un don par courrier<\/h2>\t\t\t\t<\/div>\n\t\t\t\t<\/div>\n\t\t\t\t<div class=\"elementor-element elementor-element-aae37b1 elementor-widget elementor-widget-text-editor\" data-id=\"aae37b1\" data-element_type=\"widget\" data-widget_type=\"text-editor.default\">\n\t\t\t\t<div class=\"elementor-widget-container\">\n\t\t\t\t\t\t\t\t\t<p>Vous pouvez envoyer un ch\u00e8que pour une campagne de votre choix ! Veuillez vous assurer de noter la campagne que vous avez choisie dans le m\u00e9mo sur le ch\u00e8que.<\/p><p>Merci d&#8217;\u00e9tablir votre ch\u00e8que \u00e0 l&#8217;ordre de:<\/p><p>Shabab 4 Peace \u2013 USA<br \/>8950 S. Stony Island Ave; Suite 102<br \/>Chicago, IL 60617 \u2013 USA<\/p>\t\t\t\t\t\t\t\t<\/div>\n\t\t\t\t<\/div>\n\t\t\t\t<\/div>\n\t\t\t\t\t<\/div>\n\t\t\t\t<\/div>\n\t\t<div class=\"elementor-element elementor-element-2440d8f e-flex e-con-boxed e-con e-parent\" data-id=\"2440d8f\" data-element_type=\"container\">\n\t\t\t\t\t<div class=\"e-con-inner\">\n\t\t\t\t<div class=\"elementor-element elementor-element-4a815ee elementor-widget-divider--view-line elementor-widget elementor-widget-divider\" data-id=\"4a815ee\" data-element_type=\"widget\" data-widget_type=\"divider.default\">\n\t\t\t\t<div class=\"elementor-widget-container\">\n\t\t\t\t\t\t\t<div class=\"elementor-divider\">\n\t\t\t<span class=\"elementor-divider-separator\">\n\t\t\t\t\t\t<\/span>\n\t\t<\/div>\n\t\t\t\t\t\t<\/div>\n\t\t\t\t<\/div>\n\t\t\t\t\t<\/div>\n\t\t\t\t<\/div>\n\t\t<div class=\"elementor-element elementor-element-bb8bad1 e-flex e-con-boxed e-con e-parent\" data-id=\"bb8bad1\" data-element_type=\"container\">\n\t\t\t\t\t<div class=\"e-con-inner\">\n\t\t<div class=\"elementor-element elementor-element-e7997fb e-con-full e-flex e-con e-child\" data-id=\"e7997fb\" data-element_type=\"container\">\n\t\t\t\t<div class=\"elementor-element elementor-element-b8c887c elementor-widget elementor-widget-image\" data-id=\"b8c887c\" data-element_type=\"widget\" data-widget_type=\"image.default\">\n\t\t\t\t<div class=\"elementor-widget-container\">\n\t\t\t\t\t\t\t\t\t\t\t\t\t\t\t<img loading=\"lazy\" decoding=\"async\" width=\"512\" height=\"512\" src=\"https:\/\/s4p.org\/fr\/wp-content\/uploads\/2024\/05\/online-money.png\" class=\"attachment-large size-large wp-image-414\" alt=\"\" srcset=\"https:\/\/s4p.org\/fr\/wp-content\/uploads\/2024\/05\/online-money.png 512w, https:\/\/s4p.org\/fr\/wp-content\/uploads\/2024\/05\/online-money-300x300.png 300w, https:\/\/s4p.org\/fr\/wp-content\/uploads\/2024\/05\/online-money-150x150.png 150w\" sizes=\"(max-width: 512px) 100vw, 512px\" \/>\t\t\t\t\t\t\t\t\t\t\t\t\t\t\t<\/div>\n\t\t\t\t<\/div>\n\t\t\t\t<\/div>\n\t\t<div class=\"elementor-element elementor-element-09b8d8a e-con-full e-flex e-con e-child\" data-id=\"09b8d8a\" data-element_type=\"container\">\n\t\t\t\t<div class=\"elementor-element elementor-element-126f1f4 elementor-widget elementor-widget-heading\" data-id=\"126f1f4\" data-element_type=\"widget\" data-widget_type=\"heading.default\">\n\t\t\t\t<div class=\"elementor-widget-container\">\n\t\t\t\t\t<h2 class=\"elementor-heading-title elementor-size-default\">\nFaire un don par t\u00e9l\u00e9phone\n<\/h2>\t\t\t\t<\/div>\n\t\t\t\t<\/div>\n\t\t\t\t<div class=\"elementor-element elementor-element-98ceff0 elementor-widget elementor-widget-text-editor\" data-id=\"98ceff0\" data-element_type=\"widget\" data-widget_type=\"text-editor.default\">\n\t\t\t\t<div class=\"elementor-widget-container\">\n\t\t\t\t\t\t\t\t\t<p>Appel: 001 (773) 934-1081<br \/>De lundi \u00e0 vendredi,<br \/>9h30 \u00e0 17h00 CST<\/p>\t\t\t\t\t\t\t\t<\/div>\n\t\t\t\t<\/div>\n\t\t\t\t<\/div>\n\t\t\t\t\t<\/div>\n\t\t\t\t<\/div>\n\t\t<div class=\"elementor-element elementor-element-6bfa380 e-flex e-con-boxed e-con e-parent\" data-id=\"6bfa380\" data-element_type=\"container\">\n\t\t\t\t\t<div class=\"e-con-inner\">\n\t\t\t\t<div class=\"elementor-element elementor-element-2b7d916 elementor-widget-divider--view-line elementor-widget elementor-widget-divider\" data-id=\"2b7d916\" data-element_type=\"widget\" data-widget_type=\"divider.default\">\n\t\t\t\t<div class=\"elementor-widget-container\">\n\t\t\t\t\t\t\t<div class=\"elementor-divider\">\n\t\t\t<span class=\"elementor-divider-separator\">\n\t\t\t\t\t\t<\/span>\n\t\t<\/div>\n\t\t\t\t\t\t<\/div>\n\t\t\t\t<\/div>\n\t\t\t\t\t<\/div>\n\t\t\t\t<\/div>\n\t\t<div class=\"elementor-element elementor-element-ce5dff1 e-flex e-con-boxed e-con e-parent\" data-id=\"ce5dff1\" data-element_type=\"container\">\n\t\t\t\t\t<div class=\"e-con-inner\">\n\t\t<div class=\"elementor-element elementor-element-a44578d e-con-full e-flex e-con e-child\" data-id=\"a44578d\" data-element_type=\"container\">\n\t\t\t\t<div class=\"elementor-element elementor-element-77be3a3 elementor-widget elementor-widget-image\" data-id=\"77be3a3\" data-element_type=\"widget\" data-widget_type=\"image.default\">\n\t\t\t\t<div class=\"elementor-widget-container\">\n\t\t\t\t\t\t\t\t\t\t\t\t\t\t\t<img loading=\"lazy\" decoding=\"async\" width=\"1024\" height=\"576\" src=\"https:\/\/s4p.org\/fr\/wp-content\/uploads\/2024\/05\/Zelle-logo-1024x576-1.png\" class=\"attachment-large size-large wp-image-415\" alt=\"\" srcset=\"https:\/\/s4p.org\/fr\/wp-content\/uploads\/2024\/05\/Zelle-logo-1024x576-1.png 1024w, https:\/\/s4p.org\/fr\/wp-content\/uploads\/2024\/05\/Zelle-logo-1024x576-1-300x169.png 300w, https:\/\/s4p.org\/fr\/wp-content\/uploads\/2024\/05\/Zelle-logo-1024x576-1-768x432.png 768w\" sizes=\"(max-width: 1024px) 100vw, 1024px\" \/>\t\t\t\t\t\t\t\t\t\t\t\t\t\t\t<\/div>\n\t\t\t\t<\/div>\n\t\t\t\t<\/div>\n\t\t<div class=\"elementor-element elementor-element-a0f2a4e e-con-full e-flex e-con e-child\" data-id=\"a0f2a4e\" data-element_type=\"container\">\n\t\t\t\t<div class=\"elementor-element elementor-element-cedeb23 elementor-widget elementor-widget-heading\" data-id=\"cedeb23\" data-element_type=\"widget\" data-widget_type=\"heading.default\">\n\t\t\t\t<div class=\"elementor-widget-container\">\n\t\t\t\t\t<h2 class=\"elementor-heading-title elementor-size-default\">Faire un don de Zelle<\/h2>\t\t\t\t<\/div>\n\t\t\t\t<\/div>\n\t\t\t\t<div class=\"elementor-element elementor-element-e5c0031 elementor-widget elementor-widget-text-editor\" data-id=\"e5c0031\" data-element_type=\"widget\" data-widget_type=\"text-editor.default\">\n\t\t\t\t<div class=\"elementor-widget-container\">\n\t\t\t\t\t\t\t\t\t<p>Dons g\u00e9n\u00e9raux (non sp\u00e9cifiques \u00e0 un projet particulier)<br \/>Email de Zelle : support@s4p.org<\/p>\t\t\t\t\t\t\t\t<\/div>\n\t\t\t\t<\/div>\n\t\t\t\t<\/div>\n\t\t\t\t\t<\/div>\n\t\t\t\t<\/div>\n\t\t<div class=\"elementor-element elementor-element-ae6c3b0 e-flex e-con-boxed e-con e-parent\" data-id=\"ae6c3b0\" data-element_type=\"container\">\n\t\t\t\t\t<div class=\"e-con-inner\">\n\t\t\t\t<div class=\"elementor-element elementor-element-ed4b7b1 elementor-widget-divider--view-line elementor-widget elementor-widget-divider\" data-id=\"ed4b7b1\" data-element_type=\"widget\" data-widget_type=\"divider.default\">\n\t\t\t\t<div class=\"elementor-widget-container\">\n\t\t\t\t\t\t\t<div class=\"elementor-divider\">\n\t\t\t<span class=\"elementor-divider-separator\">\n\t\t\t\t\t\t<\/span>\n\t\t<\/div>\n\t\t\t\t\t\t<\/div>\n\t\t\t\t<\/div>\n\t\t\t\t\t<\/div>\n\t\t\t\t<\/div>\n\t\t<div class=\"elementor-element elementor-element-6942a23 e-flex e-con-boxed e-con e-parent\" data-id=\"6942a23\" data-element_type=\"container\">\n\t\t\t\t\t<div class=\"e-con-inner\">\n\t\t<div class=\"elementor-element elementor-element-70dea57 e-con-full e-flex e-con e-child\" data-id=\"70dea57\" data-element_type=\"container\">\n\t\t\t\t<div class=\"elementor-element elementor-element-786660c elementor-widget elementor-widget-image\" data-id=\"786660c\" data-element_type=\"widget\" data-widget_type=\"image.default\">\n\t\t\t\t<div class=\"elementor-widget-container\">\n\t\t\t\t\t\t\t\t\t\t\t\t\t\t\t<img loading=\"lazy\" decoding=\"async\" width=\"512\" height=\"512\" src=\"https:\/\/s4p.org\/fr\/wp-content\/uploads\/2024\/05\/donation-1.png\" class=\"attachment-large size-large wp-image-413\" alt=\"\" srcset=\"https:\/\/s4p.org\/fr\/wp-content\/uploads\/2024\/05\/donation-1.png 512w, https:\/\/s4p.org\/fr\/wp-content\/uploads\/2024\/05\/donation-1-300x300.png 300w, https:\/\/s4p.org\/fr\/wp-content\/uploads\/2024\/05\/donation-1-150x150.png 150w\" sizes=\"(max-width: 512px) 100vw, 512px\" \/>\t\t\t\t\t\t\t\t\t\t\t\t\t\t\t<\/div>\n\t\t\t\t<\/div>\n\t\t\t\t<\/div>\n\t\t<div class=\"elementor-element elementor-element-f145ebf e-con-full e-flex e-con e-child\" data-id=\"f145ebf\" data-element_type=\"container\">\n\t\t\t\t<div class=\"elementor-element elementor-element-e7d154d elementor-widget elementor-widget-heading\" data-id=\"e7d154d\" data-element_type=\"widget\" data-widget_type=\"heading.default\">\n\t\t\t\t<div class=\"elementor-widget-container\">\n\t\t\t\t\t<h2 class=\"elementor-heading-title elementor-size-default\">Dons d'actions<\/h2>\t\t\t\t<\/div>\n\t\t\t\t<\/div>\n\t\t\t\t<div class=\"elementor-element elementor-element-619bb8e elementor-widget elementor-widget-text-editor\" data-id=\"619bb8e\" data-element_type=\"widget\" data-widget_type=\"text-editor.default\">\n\t\t\t\t<div class=\"elementor-widget-container\">\n\t\t\t\t\t\t\t\t\t<p>Nous accepterons les dons d\u2019actions \u00e0 l\u2019avenir.<\/p>\t\t\t\t\t\t\t\t<\/div>\n\t\t\t\t<\/div>\n\t\t\t\t<\/div>\n\t\t\t\t\t<\/div>\n\t\t\t\t<\/div>\n\t\t\t\t<\/div>\n\t\t","protected":false},"excerpt":{"rendered":"<p>Diff\u00e9rentes m\u00e9thodes de don Faire un don via le site Web Cliquez sur la page Projets pour parcourir nos nombreux&#8230;<\/p>\n","protected":false},"author":1,"featured_media":0,"parent":0,"menu_order":0,"comment_status":"closed","ping_status":"closed","template":"elementor_header_footer","meta":{"give_campaign_id":0,"site-sidebar-layout":"no-sidebar","site-content-layout":"","ast-site-content-layout":"full-width-container","site-content-style":"default","site-sidebar-style":"default","ast-global-header-display":"","ast-banner-title-visibility":"","ast-main-header-display":"","ast-hfb-above-header-display":"","ast-hfb-below-header-display":"","ast-hfb-mobile-header-display":"","site-post-title":"disabled","ast-breadcrumbs-content":"","ast-featured-img":"disabled","footer-sml-layout":"","theme-transparent-header-meta":"","adv-header-id-meta":"","stick-header-meta":"","header-above-stick-meta":"","header-main-stick-meta":"","header-below-stick-meta":"","astra-migrate-meta-layouts":"default","ast-page-background-enabled":"default","ast-page-background-meta":{"desktop":{"background-color":"var(--ast-global-color-4)","background-image":"","background-repeat":"repeat","background-position":"center center","background-size":"auto","background-attachment":"scroll","background-type":"","background-media":"","overlay-type":"","overlay-color":"","overlay-opacity":"","overlay-gradient":""},"tablet":{"background-color":"","background-image":"","background-repeat":"repeat","background-position":"center center","background-size":"auto","background-attachment":"scroll","background-type":"","background-media":"","overlay-type":"","overlay-color":"","overlay-opacity":"","overlay-gradient":""},"mobile":{"background-color":"","background-image":"","background-repeat":"repeat","background-position":"center center","background-size":"auto","background-attachment":"scroll","background-type":"","background-media":"","overlay-type":"","overlay-color":"","overlay-opacity":"","overlay-gradient":""}},"ast-content-background-meta":{"desktop":{"background-color":"var(--ast-global-color-5)","background-image":"","background-repeat":"repeat","background-position":"center center","background-size":"auto","background-attachment":"scroll","background-type":"","background-media":"","overlay-type":"","overlay-color":"","overlay-opacity":"","overlay-gradient":""},"tablet":{"background-color":"var(--ast-global-color-5)","background-image":"","background-repeat":"repeat","background-position":"center center","background-size":"auto","background-attachment":"scroll","background-type":"","background-media":"","overlay-type":"","overlay-color":"","overlay-opacity":"","overlay-gradient":""},"mobile":{"background-color":"var(--ast-global-color-5)","background-image":"","background-repeat":"repeat","background-position":"center center","background-size":"auto","background-attachment":"scroll","background-type":"","background-media":"","overlay-type":"","overlay-color":"","overlay-opacity":"","overlay-gradient":""}},"footnotes":""},"class_list":["post-407","page","type-page","status-publish","hentry"],"campaignId":"","_links":{"self":[{"href":"https:\/\/s4p.org\/fr\/wp-json\/wp\/v2\/pages\/407","targetHints":{"allow":["GET"]}}],"collection":[{"href":"https:\/\/s4p.org\/fr\/wp-json\/wp\/v2\/pages"}],"about":[{"href":"https:\/\/s4p.org\/fr\/wp-json\/wp\/v2\/types\/page"}],"author":[{"embeddable":true,"href":"https:\/\/s4p.org\/fr\/wp-json\/wp\/v2\/users\/1"}],"replies":[{"embeddable":true,"href":"https:\/\/s4p.org\/fr\/wp-json\/wp\/v2\/comments?post=407"}],"version-history":[{"count":8,"href":"https:\/\/s4p.org\/fr\/wp-json\/wp\/v2\/pages\/407\/revisions"}],"predecessor-version":[{"id":1388,"href":"https:\/\/s4p.org\/fr\/wp-json\/wp\/v2\/pages\/407\/revisions\/1388"}],"wp:attachment":[{"href":"https:\/\/s4p.org\/fr\/wp-json\/wp\/v2\/media?parent=407"}],"curies":[{"name":"wp","href":"https:\/\/api.w.org\/{rel}","templated":true}]}}