{"id":449,"date":"2024-05-19T18:13:32","date_gmt":"2024-05-19T18:13:32","guid":{"rendered":"https:\/\/s4p.org\/fr\/?page_id=449"},"modified":"2024-06-13T18:26:47","modified_gmt":"2024-06-13T18:26:47","slug":"conseil-dadministration","status":"publish","type":"page","link":"https:\/\/s4p.org\/fr\/conseil-dadministration\/","title":{"rendered":"Conseil d&#8217;administration"},"content":{"rendered":"\t\t<div data-elementor-type=\"wp-page\" data-elementor-id=\"449\" class=\"elementor elementor-449\">\n\t\t\t\t<div class=\"elementor-element elementor-element-3d29255 e-flex e-con-boxed e-con e-parent\" data-id=\"3d29255\" data-element_type=\"container\">\n\t\t\t\t\t<div class=\"e-con-inner\">\n\t\t\t\t<div class=\"elementor-element elementor-element-583970f elementor-widget elementor-widget-heading\" data-id=\"583970f\" data-element_type=\"widget\" data-widget_type=\"heading.default\">\n\t\t\t\t<div class=\"elementor-widget-container\">\n\t\t\t\t\t<h2 class=\"elementor-heading-title elementor-size-default\">Conseil d'administration<\/h2>\t\t\t\t<\/div>\n\t\t\t\t<\/div>\n\t\t\t\t\t<\/div>\n\t\t\t\t<\/div>\n\t\t<div class=\"elementor-element elementor-element-e5865b1 e-flex e-con-boxed e-con e-parent\" data-id=\"e5865b1\" data-element_type=\"container\">\n\t\t\t\t\t<div class=\"e-con-inner\">\n\t\t<div class=\"elementor-element elementor-element-58c69b6 e-con-full e-flex e-con e-child\" data-id=\"58c69b6\" data-element_type=\"container\">\n\t\t\t\t<div class=\"elementor-element elementor-element-c93eef1 elementor-position-top elementor-widget elementor-widget-image-box\" data-id=\"c93eef1\" data-element_type=\"widget\" data-widget_type=\"image-box.default\">\n\t\t\t\t<div class=\"elementor-widget-container\">\n\t\t\t\t\t<div class=\"elementor-image-box-wrapper\"><figure class=\"elementor-image-box-img\"><img fetchpriority=\"high\" decoding=\"async\" width=\"590\" height=\"564\" src=\"https:\/\/s4p.org\/fr\/wp-content\/uploads\/2024\/05\/111-1.png\" class=\"attachment-full size-full wp-image-1140\" alt=\"\" srcset=\"https:\/\/s4p.org\/fr\/wp-content\/uploads\/2024\/05\/111-1.png 590w, https:\/\/s4p.org\/fr\/wp-content\/uploads\/2024\/05\/111-1-300x287.png 300w\" sizes=\"(max-width: 590px) 100vw, 590px\" \/><\/figure><div class=\"elementor-image-box-content\"><h3 class=\"elementor-image-box-title\">Hassan Zumrawi<\/h3><p class=\"elementor-image-box-description\">Fondateur et Pr\u00e9sident<\/p><\/div><\/div>\t\t\t\t<\/div>\n\t\t\t\t<\/div>\n\t\t\t\t<\/div>\n\t\t<div class=\"elementor-element elementor-element-d8ea12f e-con-full e-flex e-con e-child\" data-id=\"d8ea12f\" data-element_type=\"container\">\n\t\t\t\t<div class=\"elementor-element elementor-element-06679f3 elementor-position-top elementor-widget elementor-widget-image-box\" data-id=\"06679f3\" data-element_type=\"widget\" data-widget_type=\"image-box.default\">\n\t\t\t\t<div class=\"elementor-widget-container\">\n\t\t\t\t\t<div class=\"elementor-image-box-wrapper\"><figure class=\"elementor-image-box-img\"><img decoding=\"async\" width=\"423\" height=\"426\" src=\"https:\/\/s4p.org\/fr\/wp-content\/uploads\/2024\/05\/113.png\" class=\"attachment-full size-full wp-image-1146\" alt=\"\" srcset=\"https:\/\/s4p.org\/fr\/wp-content\/uploads\/2024\/05\/113.png 423w, https:\/\/s4p.org\/fr\/wp-content\/uploads\/2024\/05\/113-298x300.png 298w, https:\/\/s4p.org\/fr\/wp-content\/uploads\/2024\/05\/113-150x150.png 150w\" sizes=\"(max-width: 423px) 100vw, 423px\" \/><\/figure><div class=\"elementor-image-box-content\"><h3 class=\"elementor-image-box-title\">Dr. Omar Dirar<\/h3><p class=\"elementor-image-box-description\">Vice-pr\u00e9sident et directeur r\u00e9gional, bureaux Afrique<\/p><\/div><\/div>\t\t\t\t<\/div>\n\t\t\t\t<\/div>\n\t\t\t\t<\/div>\n\t\t<div class=\"elementor-element elementor-element-29e26d9 e-con-full e-flex e-con e-child\" data-id=\"29e26d9\" data-element_type=\"container\">\n\t\t\t\t<div class=\"elementor-element elementor-element-eef2e64 elementor-position-top elementor-widget elementor-widget-image-box\" data-id=\"eef2e64\" data-element_type=\"widget\" data-widget_type=\"image-box.default\">\n\t\t\t\t<div class=\"elementor-widget-container\">\n\t\t\t\t\t<div class=\"elementor-image-box-wrapper\"><figure class=\"elementor-image-box-img\"><img decoding=\"async\" width=\"253\" height=\"241\" src=\"https:\/\/s4p.org\/fr\/wp-content\/uploads\/2024\/05\/333.png\" class=\"attachment-full size-full wp-image-1093\" alt=\"\" \/><\/figure><div class=\"elementor-image-box-content\"><h3 class=\"elementor-image-box-title\">Dr. Hisham Alibrashi<\/h3><p class=\"elementor-image-box-description\">Directeur du bureau de plaidoyer\n\n<\/p><\/div><\/div>\t\t\t\t<\/div>\n\t\t\t\t<\/div>\n\t\t\t\t<\/div>\n\t\t\t\t\t<\/div>\n\t\t\t\t<\/div>\n\t\t<div class=\"elementor-element elementor-element-b7189bc e-flex e-con-boxed e-con e-parent\" data-id=\"b7189bc\" data-element_type=\"container\">\n\t\t\t\t\t<div class=\"e-con-inner\">\n\t\t<div class=\"elementor-element elementor-element-681255d e-con-full e-flex e-con e-child\" data-id=\"681255d\" data-element_type=\"container\">\n\t\t\t\t<div class=\"elementor-element elementor-element-8c50d22 elementor-position-top elementor-widget elementor-widget-image-box\" data-id=\"8c50d22\" data-element_type=\"widget\" data-widget_type=\"image-box.default\">\n\t\t\t\t<div class=\"elementor-widget-container\">\n\t\t\t\t\t<div class=\"elementor-image-box-wrapper\"><figure class=\"elementor-image-box-img\"><img loading=\"lazy\" decoding=\"async\" width=\"247\" height=\"242\" src=\"https:\/\/s4p.org\/fr\/wp-content\/uploads\/2024\/05\/13.png\" class=\"attachment-full size-full wp-image-466\" alt=\"\" \/><\/figure><div class=\"elementor-image-box-content\"><h3 class=\"elementor-image-box-title\">Usmane Drame<\/h3><p class=\"elementor-image-box-description\">Directeur du bureau de collecte de fonds<\/p><\/div><\/div>\t\t\t\t<\/div>\n\t\t\t\t<\/div>\n\t\t\t\t<\/div>\n\t\t<div class=\"elementor-element elementor-element-05cf65d e-con-full e-flex e-con e-child\" data-id=\"05cf65d\" data-element_type=\"container\">\n\t\t\t\t<div class=\"elementor-element elementor-element-e42188c elementor-position-top elementor-widget elementor-widget-image-box\" data-id=\"e42188c\" data-element_type=\"widget\" data-widget_type=\"image-box.default\">\n\t\t\t\t<div class=\"elementor-widget-container\">\n\t\t\t\t\t<div class=\"elementor-image-box-wrapper\"><figure class=\"elementor-image-box-img\"><img loading=\"lazy\" decoding=\"async\" width=\"615\" height=\"575\" src=\"https:\/\/s4p.org\/fr\/wp-content\/uploads\/2024\/05\/112.png\" class=\"attachment-full size-full wp-image-1145\" alt=\"\" srcset=\"https:\/\/s4p.org\/fr\/wp-content\/uploads\/2024\/05\/112.png 615w, https:\/\/s4p.org\/fr\/wp-content\/uploads\/2024\/05\/112-300x280.png 300w\" sizes=\"(max-width: 615px) 100vw, 615px\" \/><\/figure><div class=\"elementor-image-box-content\"><h3 class=\"elementor-image-box-title\">Ibrahim Ahmed<\/h3><p class=\"elementor-image-box-description\">Coordonnateur de sensibilisation<\/p><\/div><\/div>\t\t\t\t<\/div>\n\t\t\t\t<\/div>\n\t\t\t\t<\/div>\n\t\t<div class=\"elementor-element elementor-element-67486ce e-con-full e-flex e-con e-child\" data-id=\"67486ce\" data-element_type=\"container\">\n\t\t\t\t<div class=\"elementor-element elementor-element-6ff1333 elementor-position-top elementor-widget elementor-widget-image-box\" data-id=\"6ff1333\" data-element_type=\"widget\" data-widget_type=\"image-box.default\">\n\t\t\t\t<div class=\"elementor-widget-container\">\n\t\t\t\t\t<div class=\"elementor-image-box-wrapper\"><figure class=\"elementor-image-box-img\"><img loading=\"lazy\" decoding=\"async\" width=\"252\" height=\"240\" src=\"https:\/\/s4p.org\/fr\/wp-content\/uploads\/2024\/05\/15.png\" class=\"attachment-full size-full wp-image-468\" alt=\"\" \/><\/figure><div class=\"elementor-image-box-content\"><h3 class=\"elementor-image-box-title\">Yasser Mutwakil<\/h3><p class=\"elementor-image-box-description\">Directeur du bureau de d\u00e9veloppement<\/p><\/div><\/div>\t\t\t\t<\/div>\n\t\t\t\t<\/div>\n\t\t\t\t<\/div>\n\t\t\t\t\t<\/div>\n\t\t\t\t<\/div>\n\t\t<div class=\"elementor-element elementor-element-0b884ea e-flex e-con-boxed e-con e-parent\" data-id=\"0b884ea\" data-element_type=\"container\">\n\t\t\t\t\t<div class=\"e-con-inner\">\n\t\t\t\t<div class=\"elementor-element elementor-element-2d0e25d elementor-widget elementor-widget-heading\" data-id=\"2d0e25d\" data-element_type=\"widget\" data-widget_type=\"heading.default\">\n\t\t\t\t<div class=\"elementor-widget-container\">\n\t\t\t\t\t<h2 class=\"elementor-heading-title elementor-size-default\">Repr\u00e9sentants des bureaux Afrique<\/h2>\t\t\t\t<\/div>\n\t\t\t\t<\/div>\n\t\t\t\t\t<\/div>\n\t\t\t\t<\/div>\n\t\t<div class=\"elementor-element elementor-element-0a43929 e-flex e-con-boxed e-con e-parent\" data-id=\"0a43929\" data-element_type=\"container\">\n\t\t\t\t\t<div class=\"e-con-inner\">\n\t\t<div class=\"elementor-element elementor-element-1ceab44 e-con-full e-flex e-con e-child\" data-id=\"1ceab44\" data-element_type=\"container\">\n\t\t\t\t<div class=\"elementor-element elementor-element-978d919 elementor-position-top elementor-widget elementor-widget-image-box\" data-id=\"978d919\" data-element_type=\"widget\" data-widget_type=\"image-box.default\">\n\t\t\t\t<div class=\"elementor-widget-container\">\n\t\t\t\t\t<div class=\"elementor-image-box-wrapper\"><figure class=\"elementor-image-box-img\"><img loading=\"lazy\" decoding=\"async\" width=\"303\" height=\"297\" src=\"https:\/\/s4p.org\/fr\/wp-content\/uploads\/2024\/05\/Untitled-design-5.png\" class=\"attachment-full size-full wp-image-1113\" alt=\"\" srcset=\"https:\/\/s4p.org\/fr\/wp-content\/uploads\/2024\/05\/Untitled-design-5.png 303w, https:\/\/s4p.org\/fr\/wp-content\/uploads\/2024\/05\/Untitled-design-5-300x294.png 300w\" sizes=\"(max-width: 303px) 100vw, 303px\" \/><\/figure><div class=\"elementor-image-box-content\"><h3 class=\"elementor-image-box-title\">Mokhtar Elbasheer<\/h3><p class=\"elementor-image-box-description\">Parakou, Benin<br>\nMaster en science qunanique - Universit\u00e9 internationale africaine\u00a0au\u00a0Soudan<\/p><\/div><\/div>\t\t\t\t<\/div>\n\t\t\t\t<\/div>\n\t\t\t\t<\/div>\n\t\t<div class=\"elementor-element elementor-element-a225a86 e-con-full e-flex e-con e-child\" data-id=\"a225a86\" data-element_type=\"container\">\n\t\t\t\t<div class=\"elementor-element elementor-element-bb68fce elementor-position-top elementor-widget elementor-widget-image-box\" data-id=\"bb68fce\" data-element_type=\"widget\" data-widget_type=\"image-box.default\">\n\t\t\t\t<div class=\"elementor-widget-container\">\n\t\t\t\t\t<div class=\"elementor-image-box-wrapper\"><figure class=\"elementor-image-box-img\"><img loading=\"lazy\" decoding=\"async\" width=\"261\" height=\"244\" src=\"https:\/\/s4p.org\/fr\/wp-content\/uploads\/2024\/05\/4.png\" class=\"attachment-full size-full wp-image-457\" alt=\"\" \/><\/figure><div class=\"elementor-image-box-content\"><h3 class=\"elementor-image-box-title\">Gasim Abbas<\/h3><p class=\"elementor-image-box-description\">Lom\u00e9, Togo<br>\nLicence d'Al-quraan Al-kareem - Universit\u00e9\nInternationale Africaine au Ghana\n<\/p><\/div><\/div>\t\t\t\t<\/div>\n\t\t\t\t<\/div>\n\t\t\t\t<\/div>\n\t\t<div class=\"elementor-element elementor-element-647ce6d e-con-full e-flex e-con e-child\" data-id=\"647ce6d\" data-element_type=\"container\">\n\t\t\t\t<div class=\"elementor-element elementor-element-c5c4db5 elementor-position-top elementor-widget elementor-widget-image-box\" data-id=\"c5c4db5\" data-element_type=\"widget\" data-widget_type=\"image-box.default\">\n\t\t\t\t<div class=\"elementor-widget-container\">\n\t\t\t\t\t<div class=\"elementor-image-box-wrapper\"><figure class=\"elementor-image-box-img\"><img loading=\"lazy\" decoding=\"async\" width=\"263\" height=\"253\" src=\"https:\/\/s4p.org\/fr\/wp-content\/uploads\/2024\/05\/5.png\" class=\"attachment-full size-full wp-image-458\" alt=\"\" \/><\/figure><div class=\"elementor-image-box-content\"><h3 class=\"elementor-image-box-title\">Ahmed Lutfi<\/h3><p class=\"elementor-image-box-description\">Komasi, Ghana<br>\nLicence d'Al-quraan Al-kareem \u2013 Universit\u00e9\nIslamique de M\u00e9dine<\/p><\/div><\/div>\t\t\t\t<\/div>\n\t\t\t\t<\/div>\n\t\t\t\t<\/div>\n\t\t\t\t\t<\/div>\n\t\t\t\t<\/div>\n\t\t<div class=\"elementor-element elementor-element-79b5e9d e-flex e-con-boxed e-con e-parent\" data-id=\"79b5e9d\" data-element_type=\"container\">\n\t\t\t\t\t<div class=\"e-con-inner\">\n\t\t<div class=\"elementor-element elementor-element-865d744 e-con-full e-flex e-con e-child\" data-id=\"865d744\" data-element_type=\"container\">\n\t\t\t\t<div class=\"elementor-element elementor-element-ee05c1a elementor-position-top elementor-widget elementor-widget-image-box\" data-id=\"ee05c1a\" data-element_type=\"widget\" data-widget_type=\"image-box.default\">\n\t\t\t\t<div class=\"elementor-widget-container\">\n\t\t\t\t\t<div class=\"elementor-image-box-wrapper\"><figure class=\"elementor-image-box-img\"><img loading=\"lazy\" decoding=\"async\" width=\"280\" height=\"241\" src=\"https:\/\/s4p.org\/fr\/wp-content\/uploads\/2024\/05\/6.png\" class=\"attachment-full size-full wp-image-459\" alt=\"\" \/><\/figure><div class=\"elementor-image-box-content\"><h3 class=\"elementor-image-box-title\">Zakaria Dolgo<\/h3><p class=\"elementor-image-box-description\">Abidjan, C\u00f4te d'Ivoire<br>\nMaster en Sciences Coraniques \u2013 Universit\u00e9\nd'Al-quraan Al-kareem au Soudan<\/p><\/div><\/div>\t\t\t\t<\/div>\n\t\t\t\t<\/div>\n\t\t\t\t<\/div>\n\t\t<div class=\"elementor-element elementor-element-5840c09 e-con-full e-flex e-con e-child\" data-id=\"5840c09\" data-element_type=\"container\">\n\t\t\t\t<div class=\"elementor-element elementor-element-5096e9e elementor-position-top elementor-widget elementor-widget-image-box\" data-id=\"5096e9e\" data-element_type=\"widget\" data-widget_type=\"image-box.default\">\n\t\t\t\t<div class=\"elementor-widget-container\">\n\t\t\t\t\t<div class=\"elementor-image-box-wrapper\"><figure class=\"elementor-image-box-img\"><img loading=\"lazy\" decoding=\"async\" width=\"277\" height=\"240\" src=\"https:\/\/s4p.org\/fr\/wp-content\/uploads\/2024\/05\/7.png\" class=\"attachment-full size-full wp-image-460\" alt=\"\" \/><\/figure><div class=\"elementor-image-box-content\"><h3 class=\"elementor-image-box-title\">Doumbia Abdoulaziz<\/h3><p class=\"elementor-image-box-description\">Abidjan - C\u00f4te d'Ivoire<br>\nLicence en Saint Coran - Universit\u00e9\nIslamique de M\u00e9dine<\/p><\/div><\/div>\t\t\t\t<\/div>\n\t\t\t\t<\/div>\n\t\t\t\t<\/div>\n\t\t<div class=\"elementor-element elementor-element-97922f8 e-con-full e-flex e-con e-child\" data-id=\"97922f8\" data-element_type=\"container\">\n\t\t\t\t<div class=\"elementor-element elementor-element-ed7c180 elementor-position-top elementor-widget elementor-widget-image-box\" data-id=\"ed7c180\" data-element_type=\"widget\" data-widget_type=\"image-box.default\">\n\t\t\t\t<div class=\"elementor-widget-container\">\n\t\t\t\t\t<div class=\"elementor-image-box-wrapper\"><figure class=\"elementor-image-box-img\"><img loading=\"lazy\" decoding=\"async\" width=\"261\" height=\"226\" src=\"https:\/\/s4p.org\/fr\/wp-content\/uploads\/2024\/05\/8.png\" class=\"attachment-full size-full wp-image-461\" alt=\"\" \/><\/figure><div class=\"elementor-image-box-content\"><h3 class=\"elementor-image-box-title\">Dr. Abdoul Nassir Diallo<\/h3><p class=\"elementor-image-box-description\">Bobo-Jolaso, Burkina Faso<br>\nDoctorate in Arabic Language - Islamic University of Madina<\/p><\/div><\/div>\t\t\t\t<\/div>\n\t\t\t\t<\/div>\n\t\t\t\t<\/div>\n\t\t\t\t\t<\/div>\n\t\t\t\t<\/div>\n\t\t<div class=\"elementor-element elementor-element-11cbe7f e-flex e-con-boxed e-con e-parent\" data-id=\"11cbe7f\" data-element_type=\"container\">\n\t\t\t\t\t<div class=\"e-con-inner\">\n\t\t<div class=\"elementor-element elementor-element-0041f79 e-con-full e-flex e-con e-child\" data-id=\"0041f79\" data-element_type=\"container\">\n\t\t\t\t<div class=\"elementor-element elementor-element-3bd0497 elementor-position-top elementor-widget elementor-widget-image-box\" data-id=\"3bd0497\" data-element_type=\"widget\" data-widget_type=\"image-box.default\">\n\t\t\t\t<div class=\"elementor-widget-container\">\n\t\t\t\t\t<div class=\"elementor-image-box-wrapper\"><figure class=\"elementor-image-box-img\"><img loading=\"lazy\" decoding=\"async\" width=\"264\" height=\"229\" src=\"https:\/\/s4p.org\/fr\/wp-content\/uploads\/2024\/05\/9.png\" class=\"attachment-full size-full wp-image-462\" alt=\"\" \/><\/figure><div class=\"elementor-image-box-content\"><h3 class=\"elementor-image-box-title\">Hafiz Sow<\/h3><p class=\"elementor-image-box-description\">Conakry, \u00c9tudes Islamiques<br>\nGuin\u00e9e Conakry<\/p><\/div><\/div>\t\t\t\t<\/div>\n\t\t\t\t<\/div>\n\t\t\t\t<\/div>\n\t\t<div class=\"elementor-element elementor-element-3c7b0c8 e-con-full e-flex e-con e-child\" data-id=\"3c7b0c8\" data-element_type=\"container\">\n\t\t\t\t<div class=\"elementor-element elementor-element-6bff8c8 elementor-position-top elementor-widget elementor-widget-image-box\" data-id=\"6bff8c8\" data-element_type=\"widget\" data-widget_type=\"image-box.default\">\n\t\t\t\t<div class=\"elementor-widget-container\">\n\t\t\t\t\t<div class=\"elementor-image-box-wrapper\"><figure class=\"elementor-image-box-img\"><img loading=\"lazy\" decoding=\"async\" width=\"245\" height=\"233\" src=\"https:\/\/s4p.org\/fr\/wp-content\/uploads\/2024\/05\/11.png\" class=\"attachment-full size-full wp-image-464\" alt=\"\" \/><\/figure><div class=\"elementor-image-box-content\"><h3 class=\"elementor-image-box-title\">Muhammad Suleiman Job<\/h3><p class=\"elementor-image-box-description\">Ganjour, Gambie<br>\nBaccalaur\u00e9at en charia et en administration\ndes affaires - Universit\u00e9 de Gambie<\/p><\/div><\/div>\t\t\t\t<\/div>\n\t\t\t\t<\/div>\n\t\t\t\t<\/div>\n\t\t<div class=\"elementor-element elementor-element-5984960 e-con-full e-flex e-con e-child\" data-id=\"5984960\" data-element_type=\"container\">\n\t\t\t\t<div class=\"elementor-element elementor-element-2289af5 elementor-position-top elementor-widget elementor-widget-image-box\" data-id=\"2289af5\" data-element_type=\"widget\" data-widget_type=\"image-box.default\">\n\t\t\t\t<div class=\"elementor-widget-container\">\n\t\t\t\t\t<div class=\"elementor-image-box-wrapper\"><figure class=\"elementor-image-box-img\"><img loading=\"lazy\" decoding=\"async\" width=\"251\" height=\"238\" src=\"https:\/\/s4p.org\/fr\/wp-content\/uploads\/2024\/05\/10.png\" class=\"attachment-full size-full wp-image-463\" alt=\"\" \/><\/figure><div class=\"elementor-image-box-content\"><h3 class=\"elementor-image-box-title\">Dr. Muhammad AbuBakr Sow<\/h3><p class=\"elementor-image-box-description\">Kolsch, S\u00e9n\u00e9gal<br>\nDoctorat en charia - Universit\u00e9 islamique de\nM\u00e9dine<\/p><\/div><\/div>\t\t\t\t<\/div>\n\t\t\t\t<\/div>\n\t\t\t\t<\/div>\n\t\t\t\t\t<\/div>\n\t\t\t\t<\/div>\n\t\t\t\t<\/div>\n\t\t","protected":false},"excerpt":{"rendered":"<p>Conseil d&#8217;administration Hassan Zumrawi Fondateur et Pr\u00e9sident Dr. Omar Dirar Vice-pr\u00e9sident et directeur r\u00e9gional, bureaux Afrique Dr. Hisham Alibrashi Directeur&#8230;<\/p>\n","protected":false},"author":1,"featured_media":0,"parent":0,"menu_order":0,"comment_status":"closed","ping_status":"closed","template":"elementor_header_footer","meta":{"give_campaign_id":0,"site-sidebar-layout":"no-sidebar","site-content-layout":"","ast-site-content-layout":"full-width-container","site-content-style":"default","site-sidebar-style":"default","ast-global-header-display":"","ast-banner-title-visibility":"","ast-main-header-display":"","ast-hfb-above-header-display":"","ast-hfb-below-header-display":"","ast-hfb-mobile-header-display":"","site-post-title":"disabled","ast-breadcrumbs-content":"","ast-featured-img":"disabled","footer-sml-layout":"","theme-transparent-header-meta":"","adv-header-id-meta":"","stick-header-meta":"","header-above-stick-meta":"","header-main-stick-meta":"","header-below-stick-meta":"","astra-migrate-meta-layouts":"default","ast-page-background-enabled":"default","ast-page-background-meta":{"desktop":{"background-color":"var(--ast-global-color-4)","background-image":"","background-repeat":"repeat","background-position":"center center","background-size":"auto","background-attachment":"scroll","background-type":"","background-media":"","overlay-type":"","overlay-color":"","overlay-opacity":"","overlay-gradient":""},"tablet":{"background-color":"","background-image":"","background-repeat":"repeat","background-position":"center center","background-size":"auto","background-attachment":"scroll","background-type":"","background-media":"","overlay-type":"","overlay-color":"","overlay-opacity":"","overlay-gradient":""},"mobile":{"background-color":"","background-image":"","background-repeat":"repeat","background-position":"center center","background-size":"auto","background-attachment":"scroll","background-type":"","background-media":"","overlay-type":"","overlay-color":"","overlay-opacity":"","overlay-gradient":""}},"ast-content-background-meta":{"desktop":{"background-color":"var(--ast-global-color-5)","background-image":"","background-repeat":"repeat","background-position":"center center","background-size":"auto","background-attachment":"scroll","background-type":"","background-media":"","overlay-type":"","overlay-color":"","overlay-opacity":"","overlay-gradient":""},"tablet":{"background-color":"var(--ast-global-color-5)","background-image":"","background-repeat":"repeat","background-position":"center center","background-size":"auto","background-attachment":"scroll","background-type":"","background-media":"","overlay-type":"","overlay-color":"","overlay-opacity":"","overlay-gradient":""},"mobile":{"background-color":"var(--ast-global-color-5)","background-image":"","background-repeat":"repeat","background-position":"center center","background-size":"auto","background-attachment":"scroll","background-type":"","background-media":"","overlay-type":"","overlay-color":"","overlay-opacity":"","overlay-gradient":""}},"footnotes":""},"class_list":["post-449","page","type-page","status-publish","hentry"],"campaignId":"","_links":{"self":[{"href":"https:\/\/s4p.org\/fr\/wp-json\/wp\/v2\/pages\/449","targetHints":{"allow":["GET"]}}],"collection":[{"href":"https:\/\/s4p.org\/fr\/wp-json\/wp\/v2\/pages"}],"about":[{"href":"https:\/\/s4p.org\/fr\/wp-json\/wp\/v2\/types\/page"}],"author":[{"embeddable":true,"href":"https:\/\/s4p.org\/fr\/wp-json\/wp\/v2\/users\/1"}],"replies":[{"embeddable":true,"href":"https:\/\/s4p.org\/fr\/wp-json\/wp\/v2\/comments?post=449"}],"version-history":[{"count":65,"href":"https:\/\/s4p.org\/fr\/wp-json\/wp\/v2\/pages\/449\/revisions"}],"predecessor-version":[{"id":1453,"href":"https:\/\/s4p.org\/fr\/wp-json\/wp\/v2\/pages\/449\/revisions\/1453"}],"wp:attachment":[{"href":"https:\/\/s4p.org\/fr\/wp-json\/wp\/v2\/media?parent=449"}],"curies":[{"name":"wp","href":"https:\/\/api.w.org\/{rel}","templated":true}]}}