{"id":895,"date":"2024-05-24T19:11:16","date_gmt":"2024-05-24T19:11:16","guid":{"rendered":"https:\/\/s4p.org\/fr\/?page_id=895"},"modified":"2024-06-13T18:31:38","modified_gmt":"2024-06-13T18:31:38","slug":"privacy-policy-2","status":"publish","type":"page","link":"https:\/\/s4p.org\/fr\/privacy-policy-2\/","title":{"rendered":"politique de confidentialit\u00e9"},"content":{"rendered":"\n<p>Ces politique ont \u00e9t\u00e9 \u00e9mises le 02\/02\/2024<\/p>\n\n\n\n<p>L\u2019Organisation des jeunes pour la paix tient \u00e0 pr\u00e9server la vie priv\u00e9e de ses visiteurs, donateurs et b\u00e9n\u00e9ficiaires. Nous nous engageons \u00e0 respecter toutes les lois qui r\u00e9glementent le travail dans l\u2019espace num\u00e9rique, sur la base des m\u00eames principes que l\u2019organisation, qui reposent sur la transparence<\/p>\n\n\n\n<p>et la clart\u00e9. C&#8217;est ce qui nous a pouss\u00e9 \u00e0 r\u00e9diger ces lois li\u00e9es \u00e0 notre politique de protection de la vie priv\u00e9e.<\/p>\n\n\n\n<p><strong>Ce que signifie cette politique de confidentialit\u00e9:<\/strong><\/p>\n\n\n\n<p>La politique de confidentialit\u00e9 repr\u00e9sente une sorte de contrat implicite entre le site Web de<\/p>\n\n\n\n<p>l&#8217;organisation et tous ses visiteurs, y compris les<\/p>\n\n\n\n<p>visiteurs, les donateurs et les b\u00e9n\u00e9ficiaires. Nous travaillons \u00e0 travers les dispositions qu&#8217;elle contient pour clarifier toutes les donn\u00e9es qui sont collect\u00e9es automatiquement ou volontairement aupr\u00e8s d&#8217;eux.<\/p>\n\n\n\n<p>mettre \u00e9galement en \u00e9vidence les raisons qui nous motivent \u00e0 le collecter et les domaines dans lesquels nous l&#8217;utilisons.<\/p>\n\n\n\n<p>De ce point de vue, nous consid\u00e9rons l&#8217;utilisation du site comme un accord implicite sur ce qui sera contenu dans cette politique. Nous soulignons \u00e9galement qu&#8217;un avis sera affich\u00e9 sur nos pages concernant tout changement qui pourrait survenir \u00e0 cette politique, en partie ou en totalit\u00e9.<\/p>\n\n\n\n<p><strong>Informations collect\u00e9es par le site Web de<\/strong> <strong>l\u2019Organisation des jeunes pour la paix:<\/strong><\/p>\n\n\n\n<p>En tant que site Web caritatif, nous recevons des centaines de visites quotidiennement, c&#8217;est pourquoi certaines donn\u00e9es peuvent \u00eatre collect\u00e9es aupr\u00e8s des utilisateurs et des visiteurs pour un ensemble d&#8217;objectifs que nous expliquerons plus tard. Cela se fait \u00e0 travers deux m\u00e9thodes diff\u00e9rentes:<\/p>\n\n\n\n<p>La premi\u00e8re m\u00e9thode : en collectant les informations personnelles fournies par les donateurs, qui comprennent le nom, le num\u00e9ro de t\u00e9l\u00e9phone, l&#8217;adresse et l&#8217;e-mail du donateur, en plus des donn\u00e9es li\u00e9es aux modes de paiement accept\u00e9s par le site.<\/p>\n\n\n\n<p>La deuxi\u00e8me m\u00e9thode : Automatique, et elle<\/p>\n\n\n\n<p>concerne le type d&#8217;appareil utilis\u00e9 lors de la<\/p>\n\n\n\n<p>navigation sur le site (ordinateur, tablette,<\/p>\n\n\n\n<p>smartphone, &#8230;), le syst\u00e8me install\u00e9 sur celui-ci<\/p>\n\n\n\n<p>(Mac, Windows, Android, &#8230;) et le type du<\/p>\n\n\n\n<p>navigateur (Chrome, Opera, Firefox, &#8230;) ainsi que les informations associ\u00e9es. Le moment de la visite, la dur\u00e9e de s\u00e9jour sur le site, les pages visit\u00e9es&#8230; Nous vous rappelons que la plupart des navigateurs sont pr\u00e9configur\u00e9s. pour collecter ces donn\u00e9es, appel\u00e9es \u00ab cookies \u00bb, qui sont des donn\u00e9es sous forme de texte que le site Web transf\u00e8re \u00e0 l&#8217;appareil de l&#8217;utilisateur afin que le site puisse m\u00e9moriser \u00e0 chaque fois les informations relatives \u00e0 la visite de l\u2019Organisation des Jeunes pour la Paix.<\/p>\n\n\n\n<p><strong>Comment utilisons-nous les informations collect\u00e9es ?<\/strong><\/p>\n\n\n\n<p>L&#8217;Organisation des Jeunes pour la Paix veille \u00e0 ce que les informations personnelles soient conserv\u00e9es et non partag\u00e9es avec des tiers, ni vendues ou \u00e9chang\u00e9es, tout en garantissant leur confidentialit\u00e9 et en ne les utilisant qu&#8217;aux fins pour lesquelles elles ont \u00e9t\u00e9 collect\u00e9es. Elles sont utilis\u00e9es, par exemple, pour l&#8217;envoi de messages texte. au donateur, le document de don par e-mail, et les rapports de vos g\u00e9n\u00e9reux dons si vous vous inscrivez sur le site et votre ajout de ces informations, ou l&#8217;utilisation d&#8217;informations automatis\u00e9es comme conna\u00eetre<\/p>\n\n\n\n<p>l&#8217;heure \u00e0 laquelle les donateurs sont les plus<\/p>\n\n\n\n<p>disponibles pour assurer leur service pendant les heures de pointe, par exemple, et quels appareils sont les plus utilis\u00e9s pour prendre en compte<\/p>\n\n\n\n<p>l&#8217;apparence appropri\u00e9e du site sur ces appareils et d&#8217;autres informations que nous utilisons pour<\/p>\n\n\n\n<p>faciliter le processus de don pour les visiteurs du<\/p>\n\n\n\n<p>site.<\/p>\n\n\n\n<p><strong>Qui voit les informations ou les donn\u00e9es sur les<\/strong> <strong>visiteurs du site Web de l\u2019Organisation des jeunes pour la paix ?<\/strong><\/p>\n\n\n\n<p>Dans tous les cas, les informations et donn\u00e9es des visiteurs, donateurs ou b\u00e9n\u00e9ficiaires sont trait\u00e9es \u00e9lectroniquement \u00e0 travers le syst\u00e8me du site Web ou de l&#8217;application, et cela ne n\u00e9cessite pas que les employ\u00e9s participent ou soient inform\u00e9s de ces informations ou donn\u00e9es, de port\u00e9e limit\u00e9e et \u00e0 des fins sp\u00e9cifiques, elles peuvent \u00eatre mises \u00e0 disposition la possibilit\u00e9 d&#8217;acc\u00e9der \u00e0 ces informations et donn\u00e9es \u00e0 un nombre limit\u00e9 de sp\u00e9cialistes et de techniciens ; Ceux qui sont directement impliqu\u00e9s dans l\u2019utilisation et le traitement de ces informations et donn\u00e9es, Ils sont tenus au respect de la confidentialit\u00e9 et du caract\u00e8re priv\u00e9 de ces informations et donn\u00e9es en signant un<\/p>\n\n\n\n<p>document contraignant \u00e0 cet effet, ou par un<\/p>\n\n\n\n<p>interm\u00e9diaire tiers tel qu&#8217;un fournisseur de services SMS. Ils sont \u00e9galement tenus \u00e0 la confidentialit\u00e9 de ces informations, et \u00e0 titre exceptionnel. (tels que les enqu\u00eates et les dossiers), il peut \u00eatre consult\u00e9 par les<\/p>\n\n\n\n<p>employ\u00e9s des autorit\u00e9s de r\u00e9gulation ou toute<\/p>\n\n\n\n<p>personne devant en \u00eatre inform\u00e9e. Sous r\u00e9serve des dispositions de la loi et des ordonnances des autorit\u00e9s judiciaires, l&#8217;Organisation des Jeunes pour la Paix s&#8217;engage \u00e9galement \u00e0 ne pas utiliser ces informations et donn\u00e9es \u00e0 des fins lucratives ou commerciales.<\/p>\n\n\n\n<p><strong>Vous pouvez exprimer votre souhait de ne pas<\/strong> <strong>fournir vos donn\u00e9es :<\/strong><\/p>\n\n\n\n<p>Vous pouvez parcourir le site Web de l&#8217;Organisation des Jeunes pour la Paix et en m\u00eame temps ne pas fournir vos informations personnelles et faire un don en tant que philanthrope, mais vous ne pourrez pas<\/p>\n\n\n\n<p>suivre ces dons et obtenir des rapports via les<\/p>\n\n\n\n<p>services \u00e9lectroniques fournis par l&#8217;organisation tels que e -mail et le message de confirmation du don.<\/p>\n\n\n\n<p><strong>Comment utilise-t-on la carte de paiement du<\/strong> <strong>donateur ?<\/strong><\/p>\n\n\n\n<p>Lorsque le donateur effectue le processus de paiement, qu&#8217;il utilise (Visa, MasterCard ou American Express) ou s&#8217;il fait un don via (KNET), le processus de don se d\u00e9roulera via la page de la banque fournissant le service de portail \u00e9lectronique de dons, et sans aucune op\u00e9ration bancaire. des informations sont stock\u00e9es pour les donateurs, telles que : &#8220;le num\u00e9ro de compte.&#8221;, ou le mot de passe, ou toute information relative \u00e0 la carte de cr\u00e9dit du donateur&#8221; sur le site Web de l&#8217;Organisation des<\/p>\n\n\n\n<p>Jeunes pour la Paix, et que ces informations restent s\u00e9curis\u00e9es par la banque fournissant le service, en tenant compte du fait que les fournisseurs de services de paiement \u00e9lectronique, que ce soit par Visa, MasterCard, American Express ou Equity, nous utilisons les derni\u00e8res m\u00e9thodes pour prot\u00e9ger les informations li\u00e9es au paiement en ligne.<\/p>\n\n\n\n<p><strong>Protection de vos informations personnelles :<\/strong><\/p>\n\n\n\n<p>Nous sommes conscients de l&#8217;importance des<\/p>\n\n\n\n<p>informations personnelles pour nos pr\u00e9cieux<\/p>\n\n\n\n<p>visiteurs et donateurs, et nous sommes \u00e9galement pleinement conscients des d\u00e9fis qui entravent la s\u00e9curit\u00e9 des transactions sur Internet. C&#8217;est pourquoi nous d\u00e9ployons de grands efforts pour prot\u00e9ger ces informations, en adoptant les plus hauts niveaux de s\u00e9curit\u00e9 pour le site contre les dangers d&#8217;attaques<\/p>\n\n\n\n<p>\u00e9lectroniques, et nous chiffrons toutes les donn\u00e9es.<\/p>\n\n\n\n<p>Ce sont les points les plus importants li\u00e9s \u00e0 la<\/p>\n\n\n\n<p>politique de confidentialit\u00e9 du site. A noter que vous pouvez vous renseigner sur chacune de ses dispositions en nous contactant.<\/p>\n","protected":false},"excerpt":{"rendered":"<p>Ces politique ont \u00e9t\u00e9 \u00e9mises le 02\/02\/2024 L\u2019Organisation des jeunes pour la paix tient \u00e0 pr\u00e9server la vie priv\u00e9e de&#8230;<\/p>\n","protected":false},"author":1,"featured_media":0,"parent":0,"menu_order":0,"comment_status":"closed","ping_status":"closed","template":"","meta":{"give_campaign_id":0,"site-sidebar-layout":"default","site-content-layout":"","ast-site-content-layout":"","site-content-style":"default","site-sidebar-style":"default","ast-global-header-display":"","ast-banner-title-visibility":"","ast-main-header-display":"","ast-hfb-above-header-display":"","ast-hfb-below-header-display":"","ast-hfb-mobile-header-display":"","site-post-title":"","ast-breadcrumbs-content":"","ast-featured-img":"","footer-sml-layout":"","theme-transparent-header-meta":"","adv-header-id-meta":"","stick-header-meta":"","header-above-stick-meta":"","header-main-stick-meta":"","header-below-stick-meta":"","astra-migrate-meta-layouts":"default","ast-page-background-enabled":"default","ast-page-background-meta":{"desktop":{"background-color":"var(--ast-global-color-4)","background-image":"","background-repeat":"repeat","background-position":"center center","background-size":"auto","background-attachment":"scroll","background-type":"","background-media":"","overlay-type":"","overlay-color":"","overlay-opacity":"","overlay-gradient":""},"tablet":{"background-color":"","background-image":"","background-repeat":"repeat","background-position":"center center","background-size":"auto","background-attachment":"scroll","background-type":"","background-media":"","overlay-type":"","overlay-color":"","overlay-opacity":"","overlay-gradient":""},"mobile":{"background-color":"","background-image":"","background-repeat":"repeat","background-position":"center center","background-size":"auto","background-attachment":"scroll","background-type":"","background-media":"","overlay-type":"","overlay-color":"","overlay-opacity":"","overlay-gradient":""}},"ast-content-background-meta":{"desktop":{"background-color":"var(--ast-global-color-5)","background-image":"","background-repeat":"repeat","background-position":"center center","background-size":"auto","background-attachment":"scroll","background-type":"","background-media":"","overlay-type":"","overlay-color":"","overlay-opacity":"","overlay-gradient":""},"tablet":{"background-color":"var(--ast-global-color-5)","background-image":"","background-repeat":"repeat","background-position":"center center","background-size":"auto","background-attachment":"scroll","background-type":"","background-media":"","overlay-type":"","overlay-color":"","overlay-opacity":"","overlay-gradient":""},"mobile":{"background-color":"var(--ast-global-color-5)","background-image":"","background-repeat":"repeat","background-position":"center center","background-size":"auto","background-attachment":"scroll","background-type":"","background-media":"","overlay-type":"","overlay-color":"","overlay-opacity":"","overlay-gradient":""}},"footnotes":""},"class_list":["post-895","page","type-page","status-publish","hentry"],"campaignId":"","_links":{"self":[{"href":"https:\/\/s4p.org\/fr\/wp-json\/wp\/v2\/pages\/895","targetHints":{"allow":["GET"]}}],"collection":[{"href":"https:\/\/s4p.org\/fr\/wp-json\/wp\/v2\/pages"}],"about":[{"href":"https:\/\/s4p.org\/fr\/wp-json\/wp\/v2\/types\/page"}],"author":[{"embeddable":true,"href":"https:\/\/s4p.org\/fr\/wp-json\/wp\/v2\/users\/1"}],"replies":[{"embeddable":true,"href":"https:\/\/s4p.org\/fr\/wp-json\/wp\/v2\/comments?post=895"}],"version-history":[{"count":6,"href":"https:\/\/s4p.org\/fr\/wp-json\/wp\/v2\/pages\/895\/revisions"}],"predecessor-version":[{"id":1464,"href":"https:\/\/s4p.org\/fr\/wp-json\/wp\/v2\/pages\/895\/revisions\/1464"}],"wp:attachment":[{"href":"https:\/\/s4p.org\/fr\/wp-json\/wp\/v2\/media?parent=895"}],"curies":[{"name":"wp","href":"https:\/\/api.w.org\/{rel}","templated":true}]}}